{"id":889,"date":"2015-07-02T05:10:48","date_gmt":"2015-07-02T03:10:48","guid":{"rendered":"http:\/\/masterstudy.stylemixthemes.com\/demo\/?page_id=889"},"modified":"2020-05-10T11:59:56","modified_gmt":"2020-05-10T09:59:56","slug":"about-us","status":"publish","type":"page","link":"https:\/\/www.igi.tn\/?page_id=889","title":{"rendered":"Qui sommes nous ?"},"content":{"rendered":"<div class=\"wpb-content-wrapper\"><p>[vc_row css=\u00a0\u00bb.vc_custom_1435816078010{margin-bottom: 15px !important;}\u00a0\u00bb][vc_column width=\u00a0\u00bb1\/2&Prime;][vc_custom_heading text=\u00a0\u00bb\u00a0\u00bb google_fonts=\u00a0\u00bbfont_family:Montserrat%3Aregular%2C700|font_style:700%20bold%20regular%3A700%3Anormal\u00a0\u00bb css=\u00a0\u00bb.vc_custom_1542820858640{margin-top: -8px !important;margin-bottom: 29px !important;}\u00a0\u00bb][vc_column_text css=\u00a0\u00bb.vc_custom_1518824270191{margin-bottom: 32px !important;}\u00a0\u00bb]Regroupant les meilleurs formateurs et experts en formation professionnelle en Tunisie, IGI est un centre de formation priv\u00e9e fond\u00e9 depuis 1992.<br \/>\nSuite \u00e0 son agr\u00e9gation aupr\u00e8s du Ministre de la formation professionnelle et de l\u2019emploi, l\u2019institut a mis en \u0153uvre un syst\u00e8me de formation professionnelle innov\u00e9 qui garantie une employabilit\u00e9 certaine.[\/vc_column_text][vc_custom_heading text=\u00a0\u00bbDepuis sa cr\u00e9ation, IGI respecte la m\u00eame strat\u00e9gie : avec une \u00e9quipe parfaitement form\u00e9e toute entreprise peut construire son propre succ\u00e8s.\u00a0\u00bb font_container=\u00a0\u00bbtag:h6|text_align:left\u00a0\u00bb google_fonts=\u00a0\u00bbfont_family:Montserrat%3Aregular%2C700|font_style:400%20regular%3A400%3Anormal\u00a0\u00bb css=\u00a0\u00bb.vc_custom_1542821265923{margin-bottom: 20px !important;}\u00a0\u00bb][stm_icon_box hover_pos=\u00a0\u00bbnone\u00a0\u00bb icon_size=\u00a0\u00bb15&Prime; icon_align=\u00a0\u00bbleft\u00a0\u00bb icon_width=\u00a0\u00bb13&Prime; icon_color=\u00a0\u00bb#eab830&Prime; box_text_color=\u00a0\u00bb#555555&Prime; css=\u00a0\u00bb.vc_custom_1542820171198{margin-bottom: 3px !important;padding-top: 0px !important;padding-right: 0px !important;padding-bottom: 0px !important;padding-left: 0px !important;}\u00a0\u00bb css_icon=\u00a0\u00bb.vc_custom_1542820171198{padding-left: 3px !important;}\u00a0\u00bb]Conseiller[\/stm_icon_box][stm_icon_box hover_pos=\u00a0\u00bbnone\u00a0\u00bb icon_size=\u00a0\u00bb15&Prime; icon_align=\u00a0\u00bbleft\u00a0\u00bb icon_width=\u00a0\u00bb13&Prime; icon_color=\u00a0\u00bb#eab830&Prime; box_text_color=\u00a0\u00bb#555555&Prime; css=\u00a0\u00bb.vc_custom_1542820185675{margin-bottom: 3px !important;padding-top: 0px !important;padding-right: 0px !important;padding-bottom: 0px !important;padding-left: 0px !important;}\u00a0\u00bb css_icon=\u00a0\u00bb.vc_custom_1542820185675{padding-left: 3px !important;}\u00a0\u00bb]Former[\/stm_icon_box][stm_icon_box hover_pos=\u00a0\u00bbnone\u00a0\u00bb icon_size=\u00a0\u00bb15&Prime; icon_align=\u00a0\u00bbleft\u00a0\u00bb icon_width=\u00a0\u00bb13&Prime; icon_color=\u00a0\u00bb#eab830&Prime; box_text_color=\u00a0\u00bb#555555&Prime; css=\u00a0\u00bb.vc_custom_1542820195377{padding-top: 0px !important;padding-right: 0px !important;padding-bottom: 0px !important;padding-left: 0px !important;}\u00a0\u00bb css_icon=\u00a0\u00bb.vc_custom_1542820195376{padding-left: 3px !important;}\u00a0\u00bb]Accompagner[\/stm_icon_box][vc_single_image image=\u00a0\u00bb1597&Prime; img_size=\u00a0\u00bbfull\u00a0\u00bb css=\u00a0\u00bb.vc_custom_1518825526236{margin-top: 60px !important;margin-bottom: 24px !important;}\u00a0\u00bb][\/vc_column][vc_column width=\u00a0\u00bb1\/2&Prime;][vc_single_image image=\u00a0\u00bb2144&Prime; img_size=\u00a0\u00bbfull\u00a0\u00bb css=\u00a0\u00bb.vc_custom_1542812884690{margin-top: 16px !important;margin-bottom: 88px !important;}\u00a0\u00bb][vc_tabs interval=\u00a0\u00bb0&Prime;][vc_tab title=\u00a0\u00bbPourquoi IGI\u00a0\u00bb tab_id=\u00a0\u00bb8022847c-f888-1&Prime;][vc_column_text css=\u00a0\u00bb.vc_custom_1519992944076{margin-bottom: 0px !important;padding-bottom: 24px !important;}\u00a0\u00bb]<\/p>\n<h3>\u00a0Pourquoi choisir le centre de formation IGI ?<\/h3>\n<p>Le succ\u00e8s de nos programmes de formation professionnelle est \u00e9galement d\u00fb en grande partie \u00e0 nos formateurs d\u2019\u00e9lite, hautement qualifi\u00e9s et passionn\u00e9s par l\u2019innovation. C\u2019est aussi d\u00fb \u00e0 notre<br \/>\ncollaboration avec des consultants reconnus dans le management et les nouvelles technologies, des cadres et des conf\u00e9renciers Tunisiens et \u00e9trangers.[\/vc_column_text][\/vc_tab][vc_tab title=\u00a0\u00bbIGI s&rsquo;engage\u00a0\u00bb tab_id=\u00a0\u00bb1519992950809-3-3&Prime;][vc_column_text]<\/p>\n<h3>IGI s&rsquo;engage<\/h3>\n<p>Lorsque vous choisissez notre Institut \u00ab\u00a0<strong>IGI<\/strong>\u00a0\u00bb pour la formation des Cadres ,\u00a0vous rejoignez les rangs de nombreux autres \u00e9tudiants qui ont opt\u00e9 pour l&rsquo;am\u00e9lioration de leurs \u00a0comp\u00e9tences.[\/vc_column_text][\/vc_tab][vc_tab tab_id=\u00a0\u00bb003e3bb7-b2b3-8&Prime; title=\u00a0\u00bbPEDAGOGIE\u00a0\u00bb][stm_pricing_plan button=\u00a0\u00bburl:http%3A%2F%2Figi.tn%2F%3Fpage_id%3D1980|title:Je%20m&rsquo;inscris%20!|target:%20_blank|\u00a0\u00bb css=\u00a0\u00bb.vc_custom_1589101700705{margin-bottom: 0px !important;}\u00a0\u00bb color=\u00a0\u00bb#81d742&Prime;]<\/p>\n<h2>Assurer votre succ\u00e8s<\/h2>\n<p><img loading=\"lazy\" decoding=\"async\" class=\"alignnone size-medium wp-image-2227\" src=\"https:\/\/www.igi.tn\/wp-content\/uploads\/2020\/05\/65728168_2481780318507706_7037333030079299584_n-300x169.jpg\" alt=\"\" width=\"300\" height=\"169\" srcset=\"https:\/\/www.igi.tn\/wp-content\/uploads\/2020\/05\/65728168_2481780318507706_7037333030079299584_n-300x169.jpg 300w, https:\/\/www.igi.tn\/wp-content\/uploads\/2020\/05\/65728168_2481780318507706_7037333030079299584_n-768x433.jpg 768w, https:\/\/www.igi.tn\/wp-content\/uploads\/2020\/05\/65728168_2481780318507706_7037333030079299584_n-270x153.jpg 270w, https:\/\/www.igi.tn\/wp-content\/uploads\/2020\/05\/65728168_2481780318507706_7037333030079299584_n-600x338.jpg 600w, https:\/\/www.igi.tn\/wp-content\/uploads\/2020\/05\/65728168_2481780318507706_7037333030079299584_n.jpg 960w\" sizes=\"(max-width: 300px) 100vw, 300px\" \/>[\/stm_pricing_plan][\/vc_tab][vc_tab title=\u00a0\u00bbContactez-nous\u00a0\u00bb tab_id=\u00a0\u00bb1435815668587-2-3&Prime;]<div role=\"form\" class=\"wpcf7\" id=\"wpcf7-f817-o1\" lang=\"en-US\" dir=\"ltr\">\n<div class=\"screen-reader-response\"><\/div>\n<form action=\"\/index.php?rest_route=%2Fwp%2Fv2%2Fpages%2F889#wpcf7-f817-o1\" method=\"post\" class=\"wpcf7-form\" novalidate=\"novalidate\">\n<div style=\"display: none;\">\n<input type=\"hidden\" name=\"_wpcf7\" value=\"817\" \/>\n<input type=\"hidden\" name=\"_wpcf7_version\" value=\"5.0.1\" \/>\n<input type=\"hidden\" name=\"_wpcf7_locale\" value=\"en_US\" \/>\n<input type=\"hidden\" name=\"_wpcf7_unit_tag\" value=\"wpcf7-f817-o1\" \/>\n<input type=\"hidden\" name=\"_wpcf7_container_post\" value=\"0\" \/>\n<\/div>\n<div class=\"row\">\n<div class=\"col-xs-12 col-sm-6 col-md-6 col-lg-6\">\n<div class=\"form-group\">\n<span class=\"wpcf7-form-control-wrap Nom\"><input type=\"text\" name=\"Nom\" value=\"\" size=\"40\" class=\"wpcf7-form-control wpcf7-text wpcf7-validates-as-required form-control\" aria-required=\"true\" aria-invalid=\"false\" placeholder=\"Votre Nom et Pr\u00e9nom\" \/><\/span>\n<\/div>\n<\/div>\n<div class=\"col-xs-12 col-sm-6 col-md-6 col-lg-6\">\n<div class=\"form-group\">\n<span class=\"wpcf7-form-control-wrap email\"><input type=\"email\" name=\"email\" value=\"\" size=\"40\" class=\"wpcf7-form-control wpcf7-text wpcf7-email wpcf7-validates-as-required wpcf7-validates-as-email form-control\" aria-required=\"true\" aria-invalid=\"false\" placeholder=\"Votre Email\" \/><\/span>\n<\/div>\n<\/div>\n<\/div>\n<div class=\"row\">\n<div class=\"col-xs-12 col-sm-12 col-md-12 col-lg-12\">\n<div class=\"form-group\">\n<span class=\"wpcf7-form-control-wrap message\"><textarea name=\"message\" cols=\"40\" rows=\"9\" class=\"wpcf7-form-control wpcf7-textarea wpcf7-validates-as-required form-control\" aria-required=\"true\" aria-invalid=\"false\"><\/textarea><\/span>\n<\/div>\n<\/div>\n<\/div>\n<div class=\"row\">\n<div class=\"col-xs-12 col-sm-12 col-md-12 col-lg-12\">\n<input type=\"submit\" value=\"Submit\" class=\"wpcf7-form-control wpcf7-submit btn btn-default\" \/>\n<\/div>\n<\/div>\n<div class=\"wpcf7-response-output wpcf7-display-none\"><\/div><\/form><\/div>[\/vc_tab][\/vc_tabs][\/vc_column][\/vc_row][vc_row][vc_column][stm_multy_separator css=\u00a0\u00bb.vc_custom_1435819083449{margin-bottom: 64px !important;}\u00a0\u00bb][vc_custom_heading text=\u00a0\u00bbCertifications\u00a0\u00bb google_fonts=\u00a0\u00bbfont_family:Montserrat%3Aregular%2C700|font_style:700%20bold%20regular%3A700%3Anormal\u00a0\u00bb css=\u00a0\u00bb.vc_custom_1589103851633{margin-bottom: 37px !important;}\u00a0\u00bb][vc_row_inner][vc_column_inner width=\u00a0\u00bb1\/5&Prime; el_id=\u00a0\u00bbmain\u00a0\u00bb][stm_certificate image=\u00a0\u00bb2153&Prime; title=\u00a0\u00bb\u0627\u0644\u062a\u0646\u0634\u064a\u0637 \u0628\u0631\u064a\u0627\u0636 \u0627\u0644\u0623\u0637\u0641\u0627\u0644 -BTP Animatrice jardin d&rsquo;endant\u00a0\u00bb css=\u00a0\u00bb.vc_custom_1589103767028{border-radius: 15px !important;}\u00a0\u00bb][\/vc_column_inner][vc_column_inner width=\u00a0\u00bb1\/5&Prime; el_id=\u00a0\u00bbmain\u00a0\u00bb][stm_certificate title=\u00a0\u00bb\u0645\u0631\u0628\u064a \u0627\u0644\u0637\u0641\u0648\u0644\u0629 \u0627\u0644\u0623\u0648\u0644\u0649 \u0648 \u0627\u0644\u0645\u0628\u0643\u0631\u0629 &#8211; BTS Educatrice de prime et premi\u00e8re enfance\u00a0\u00bb image=\u00a0\u00bb2154&Prime;][\/vc_column_inner][vc_column_inner width=\u00a0\u00bb1\/5&Prime;][stm_certificate title=\u00a0\u00bb\u0645\u062d\u0627\u0633\u0628 \u0645\u0646\u0634\u0623\u0629 &#8211; BTP comptable d&rsquo;entreprise\u00a0\u00bb image=\u00a0\u00bb2155&Prime;][\/vc_column_inner][vc_column_inner width=\u00a0\u00bb1\/5&Prime;][stm_certificate title=\u00a0\u00bb\u0627\u0644\u0633\u0644\u0627\u0645\u0629 \u0648 \u0627\u0644\u0634\u0628\u0643\u0627\u062a \u0627\u0644\u0625\u0639\u0644\u0627\u0645\u064a\u0629 &#8211; BTS S\u00e9curit\u00e9 et R\u00e9seaux informatiques\u00a0\u00bb image=\u00a0\u00bb2151&Prime;][\/vc_column_inner][vc_column_inner width=\u00a0\u00bb1\/5&Prime;][stm_certificate title=\u00a0\u00bb\u0627\u0644\u062a\u0635\u0631\u0641 \u0641\u064a \u0627\u0644\u0645\u0627\u0644\u064a\u0629 &#8211; BTS Gestion des Finances\u00a0\u00bb image=\u00a0\u00bb2155&Prime;][\/vc_column_inner][\/vc_row_inner][\/vc_column][\/vc_row][vc_row][vc_column][stm_multy_separator css=\u00a0\u00bb.vc_custom_1437475130947{margin-bottom: 10px !important;}\u00a0\u00bb][\/vc_column][\/vc_row][vc_row disable_element=\u00a0\u00bbyes\u00a0\u00bb][vc_column][stm_experts experts_all=\u00a0\u00bbno\u00a0\u00bb expert_slides_per_row=\u00a0\u00bb2&Prime; experts_title=\u00a0\u00bbNos enseignants\u00a0\u00bb][\/vc_column][\/vc_row]<\/p>\n<\/div>","protected":false},"excerpt":{"rendered":"<p>[vc_row css=\u00a0\u00bb.vc_custom_1435816078010{margin-bottom: 15px !important;}\u00a0\u00bb][vc_column width=\u00a0\u00bb1\/2&Prime;][vc_custom_heading text=\u00a0\u00bb\u00a0\u00bb google_fonts=\u00a0\u00bbfont_family:Montserrat%3Aregular%2C700|font_style:700%20bold%20regular%3A700%3Anormal\u00a0\u00bb css=\u00a0\u00bb.vc_custom_1542820858640{margin-top: -8px !important;margin-bottom: 29px !important;}\u00a0\u00bb][vc_column_text css=\u00a0\u00bb.vc_custom_1518824270191{margin-bottom: 32px !important;}\u00a0\u00bb]Regroupant les meilleurs formateurs et experts en formation professionnelle en Tunisie, IGI est un centre de formation priv\u00e9e fond\u00e9 depuis 1992. Suite \u00e0 son agr\u00e9gation aupr\u00e8s du Ministre de la formation professionnelle et de l\u2019emploi, l\u2019institut a mis en \u0153uvre un [&hellip;]<\/p>\n","protected":false},"author":1,"featured_media":0,"parent":0,"menu_order":0,"comment_status":"closed","ping_status":"closed","template":"","meta":{"footnotes":""},"_links":{"self":[{"href":"https:\/\/www.igi.tn\/index.php?rest_route=\/wp\/v2\/pages\/889"}],"collection":[{"href":"https:\/\/www.igi.tn\/index.php?rest_route=\/wp\/v2\/pages"}],"about":[{"href":"https:\/\/www.igi.tn\/index.php?rest_route=\/wp\/v2\/types\/page"}],"author":[{"embeddable":true,"href":"https:\/\/www.igi.tn\/index.php?rest_route=\/wp\/v2\/users\/1"}],"replies":[{"embeddable":true,"href":"https:\/\/www.igi.tn\/index.php?rest_route=%2Fwp%2Fv2%2Fcomments&post=889"}],"version-history":[{"count":55,"href":"https:\/\/www.igi.tn\/index.php?rest_route=\/wp\/v2\/pages\/889\/revisions"}],"predecessor-version":[{"id":2253,"href":"https:\/\/www.igi.tn\/index.php?rest_route=\/wp\/v2\/pages\/889\/revisions\/2253"}],"wp:attachment":[{"href":"https:\/\/www.igi.tn\/index.php?rest_route=%2Fwp%2Fv2%2Fmedia&parent=889"}],"curies":[{"name":"wp","href":"https:\/\/api.w.org\/{rel}","templated":true}]}}