{"id":82,"date":"2017-09-15T12:06:58","date_gmt":"2017-09-15T10:06:58","guid":{"rendered":"http:\/\/localhost\/igi\/?page_id=82"},"modified":"2018-03-31T00:45:39","modified_gmt":"2018-03-30T22:45:39","slug":"maintenance-informatique","status":"publish","type":"page","link":"https:\/\/www.igi.tn\/?page_id=82","title":{"rendered":"Maintenance informatique"},"content":{"rendered":"<div class=\"wpb-content-wrapper\"><p>[vc_row][vc_column width=\u00a0\u00bb3\/4&Prime; el_class=\u00a0\u00bbvc_sidebar_position_right\u00a0\u00bb offset=\u00a0\u00bbvc_col-lg-9 vc_col-md-9 vc_col-sm-12&Prime;][vc_column_text]<\/p>\n<h3>Devenez technicien de maintenance en informatique<\/h3>\n<p>Pour les petits g\u00e9nies de l\u2019informatique qui veulent devenir des experts en analyse et r\u00e9solution de probl\u00e8mes techniques, les BTP de maintenance informatique sont la formation id\u00e9ale.<strong><br \/>\n<\/strong><\/p>\n<p class=\"description\">En choisissant le BTP maintenance informatique\u00a0qui vous convient le mieux, vous pourrez acc\u00e9der \u00e0 un enseignement professionnalisant\u00a0reconnu par l\u2019\u00c9tat et la profession.<\/p>\n<p><img loading=\"lazy\" decoding=\"async\" class=\"alignnone size-medium wp-image-2079\" src=\"https:\/\/www.igi.tn\/wp-content\/uploads\/2018\/03\/professional-man-repairing-assembling-computer-desktop-pc-89802613-300x200.jpg\" alt=\"\" width=\"300\" height=\"200\" srcset=\"https:\/\/www.igi.tn\/wp-content\/uploads\/2018\/03\/professional-man-repairing-assembling-computer-desktop-pc-89802613-300x200.jpg 300w, https:\/\/www.igi.tn\/wp-content\/uploads\/2018\/03\/professional-man-repairing-assembling-computer-desktop-pc-89802613-768x512.jpg 768w, https:\/\/www.igi.tn\/wp-content\/uploads\/2018\/03\/professional-man-repairing-assembling-computer-desktop-pc-89802613-270x180.jpg 270w, https:\/\/www.igi.tn\/wp-content\/uploads\/2018\/03\/professional-man-repairing-assembling-computer-desktop-pc-89802613-600x400.jpg 600w, https:\/\/www.igi.tn\/wp-content\/uploads\/2018\/03\/professional-man-repairing-assembling-computer-desktop-pc-89802613.jpg 800w\" sizes=\"(max-width: 300px) 100vw, 300px\" \/><\/p>\n<p>En deux ans de formation au Centre de Formation IGI, vous aurez toutes les cartes en main pour vous ins\u00e9rer professionnellement dans le secteur de l\u2019informatique.<\/p>\n<h3>Des programmes adapt\u00e9s aux sp\u00e9cificit\u00e9s de la maintenance informatique<\/h3>\n<p>Avec ce que nous appelons un BTP maintenance informatique, vous \u00eates form\u00e9s de fa\u00e7on \u00e0 pouvoir entrer dans le monde du travail une fois votre dipl\u00f4me en poche.[\/vc_column_text][\/vc_column][vc_column width=\u00a0\u00bb1\/4&Prime; offset=\u00a0\u00bbvc_hidden-sm vc_hidden-xs\u00a0\u00bb][vc_widget_sidebar sidebar_id=\u00a0\u00bbdefault\u00a0\u00bb el_class=\u00a0\u00bbsidebar-area-right sidebar-area\u00a0\u00bb][vc_single_image image=\u00a0\u00bb2081&Prime;][vc_wp_custommenu nav_menu=\u00a0\u00bb4&Prime;][\/vc_column][\/vc_row]<\/p>\n<\/div>","protected":false},"excerpt":{"rendered":"<p>[vc_row][vc_column width=\u00a0\u00bb3\/4&Prime; el_class=\u00a0\u00bbvc_sidebar_position_right\u00a0\u00bb offset=\u00a0\u00bbvc_col-lg-9 vc_col-md-9 vc_col-sm-12&Prime;][vc_column_text] Devenez technicien de maintenance en informatique Pour les petits g\u00e9nies de l\u2019informatique qui veulent devenir des experts en analyse et r\u00e9solution de probl\u00e8mes techniques, les BTP de maintenance informatique sont la formation id\u00e9ale. En choisissant le BTP maintenance informatique\u00a0qui vous convient le mieux, vous pourrez acc\u00e9der \u00e0 un enseignement [&hellip;]<\/p>\n","protected":false},"author":1,"featured_media":0,"parent":16,"menu_order":0,"comment_status":"closed","ping_status":"closed","template":"","meta":{"footnotes":""},"_links":{"self":[{"href":"https:\/\/www.igi.tn\/index.php?rest_route=\/wp\/v2\/pages\/82"}],"collection":[{"href":"https:\/\/www.igi.tn\/index.php?rest_route=\/wp\/v2\/pages"}],"about":[{"href":"https:\/\/www.igi.tn\/index.php?rest_route=\/wp\/v2\/types\/page"}],"author":[{"embeddable":true,"href":"https:\/\/www.igi.tn\/index.php?rest_route=\/wp\/v2\/users\/1"}],"replies":[{"embeddable":true,"href":"https:\/\/www.igi.tn\/index.php?rest_route=%2Fwp%2Fv2%2Fcomments&post=82"}],"version-history":[{"count":5,"href":"https:\/\/www.igi.tn\/index.php?rest_route=\/wp\/v2\/pages\/82\/revisions"}],"predecessor-version":[{"id":2082,"href":"https:\/\/www.igi.tn\/index.php?rest_route=\/wp\/v2\/pages\/82\/revisions\/2082"}],"up":[{"embeddable":true,"href":"https:\/\/www.igi.tn\/index.php?rest_route=\/wp\/v2\/pages\/16"}],"wp:attachment":[{"href":"https:\/\/www.igi.tn\/index.php?rest_route=%2Fwp%2Fv2%2Fmedia&parent=82"}],"curies":[{"name":"wp","href":"https:\/\/api.w.org\/{rel}","templated":true}]}}