{"id":78,"date":"2017-09-15T12:05:15","date_gmt":"2017-09-15T10:05:15","guid":{"rendered":"http:\/\/localhost\/igi\/?page_id=78"},"modified":"2018-08-28T11:18:55","modified_gmt":"2018-08-28T09:18:55","slug":"administrateur-reseaux","status":"publish","type":"page","link":"https:\/\/www.igi.tn\/?page_id=78","title":{"rendered":"Administrateur r\u00e9seaux informatiques"},"content":{"rendered":"<div class=\"wpb-content-wrapper\"><p>[vc_row][vc_column width=\u00a0\u00bb3\/4&Prime; el_class=\u00a0\u00bbvc_sidebar_position_right\u00a0\u00bb offset=\u00a0\u00bbvc_col-lg-9 vc_col-md-9 vc_col-sm-12&Prime;][vc_column_text]<\/p>\n<h3><strong>Description<br \/>\n<\/strong><\/h3>\n<p>Le technicien en R\u00e9seaux Informatiques est capable de traiter, g\u00e9rer et concevoir un syst\u00e8me r\u00e9seau fiable et performant au sein de l\u2019Entreprise.<\/p>\n<p><strong>Profil de la formation BTS r\u00e9seaux informatiques<\/strong><\/p>\n<p>Le technicien r\u00e9seaux est charge\u00a0 d&rsquo;intervenir sur les \u00e9quipements ou le c\u00e2blage . Il a pour mission d&rsquo;assurer une qualit\u00e9 de service optimale aux utilisateurs, soutenir le r\u00e9seau de communication et d&rsquo;installer les \u00e9quipements&#8230;Travaillant sous les ordres d&rsquo;un administrateur ou d&rsquo;un ing\u00e9nieur r\u00e9seau il est un \u00e9l\u00e9ment essentiel au bon fonctionnement d&rsquo;une entreprise.<\/p>\n<p>Conditions d\u2019admission<\/p>\n<ul>\n<li>Etre titulaire du Baccalaur\u00e9at ou \u00e9quivalent de 13 ans d\u2019\u00e9tudes r\u00e9ussis.<\/li>\n<\/ul>\n<p>Conditions de r\u00e9ussite<\/p>\n<ul>\n<li>Avoir une moyenne g\u00e9n\u00e9rale de contr\u00f4le des connaissances sup\u00e9rieure ou \u00e9gale \u00e0 10\/20<\/li>\n<li>Avoir une note de m\u00e9moire ou de stage sup\u00e9rieure ou \u00e9gale \u00e0 10\/20.<\/li>\n<\/ul>\n<p>Avoir une note sup\u00e9rieure ou \u00e9gale \u00e0 10\/20 dans les travaux de recherche bibliographique.<\/p>\n<p>Dur\u00e9e de la formation<\/p>\n<p>2 ans<\/p>\n<p><strong>Programme de formation (Programme provisoire : le nombre de modules , le choix de mati\u00e8res et les intitul\u00e9s de modules peuvent changer d\u2019une ann\u00e9e \u00e0 l\u2019autre)<\/strong>[\/vc_column_text][\/vc_column][vc_column width=\u00a0\u00bb1\/4&Prime; offset=\u00a0\u00bbvc_hidden-sm vc_hidden-xs\u00a0\u00bb][vc_single_image image=\u00a0\u00bb2054&Prime;][vc_wp_custommenu nav_menu=\u00a0\u00bb3&Prime;][\/vc_column][\/vc_row]<\/p>\n<\/div>","protected":false},"excerpt":{"rendered":"<p>[vc_row][vc_column width=\u00a0\u00bb3\/4&Prime; el_class=\u00a0\u00bbvc_sidebar_position_right\u00a0\u00bb offset=\u00a0\u00bbvc_col-lg-9 vc_col-md-9 vc_col-sm-12&Prime;][vc_column_text] Description Le technicien en R\u00e9seaux Informatiques est capable de traiter, g\u00e9rer et concevoir un syst\u00e8me r\u00e9seau fiable et performant au sein de l\u2019Entreprise. Profil de la formation BTS r\u00e9seaux informatiques Le technicien r\u00e9seaux est charge\u00a0 d&rsquo;intervenir sur les \u00e9quipements ou le c\u00e2blage . Il a pour mission d&rsquo;assurer une [&hellip;]<\/p>\n","protected":false},"author":1,"featured_media":0,"parent":18,"menu_order":0,"comment_status":"closed","ping_status":"closed","template":"","meta":{"footnotes":""},"_links":{"self":[{"href":"https:\/\/www.igi.tn\/index.php?rest_route=\/wp\/v2\/pages\/78"}],"collection":[{"href":"https:\/\/www.igi.tn\/index.php?rest_route=\/wp\/v2\/pages"}],"about":[{"href":"https:\/\/www.igi.tn\/index.php?rest_route=\/wp\/v2\/types\/page"}],"author":[{"embeddable":true,"href":"https:\/\/www.igi.tn\/index.php?rest_route=\/wp\/v2\/users\/1"}],"replies":[{"embeddable":true,"href":"https:\/\/www.igi.tn\/index.php?rest_route=%2Fwp%2Fv2%2Fcomments&post=78"}],"version-history":[{"count":14,"href":"https:\/\/www.igi.tn\/index.php?rest_route=\/wp\/v2\/pages\/78\/revisions"}],"predecessor-version":[{"id":2119,"href":"https:\/\/www.igi.tn\/index.php?rest_route=\/wp\/v2\/pages\/78\/revisions\/2119"}],"up":[{"embeddable":true,"href":"https:\/\/www.igi.tn\/index.php?rest_route=\/wp\/v2\/pages\/18"}],"wp:attachment":[{"href":"https:\/\/www.igi.tn\/index.php?rest_route=%2Fwp%2Fv2%2Fmedia&parent=78"}],"curies":[{"name":"wp","href":"https:\/\/api.w.org\/{rel}","templated":true}]}}