{"id":74,"date":"2017-09-15T12:04:01","date_gmt":"2017-09-15T10:04:01","guid":{"rendered":"http:\/\/localhost\/igi\/?page_id=74"},"modified":"2018-03-30T23:37:46","modified_gmt":"2018-03-30T21:37:46","slug":"gestion-informatique","status":"publish","type":"page","link":"https:\/\/www.igi.tn\/?page_id=74","title":{"rendered":"Gestion informatique"},"content":{"rendered":"<div class=\"wpb-content-wrapper\"><p>[vc_row][vc_column width=\u00a0\u00bb3\/4&Prime; el_class=\u00a0\u00bbvc_sidebar_position_right\u00a0\u00bb offset=\u00a0\u00bbvc_col-lg-9 vc_col-md-9 vc_col-sm-12&Prime;][vc_column_text]<\/p>\n<div class=\"col-md-12 border-left\">\n<div class=\"col-md-11 col-md-offset-1\">\n<h3><strong>BTS Informatique de gestion<\/strong><\/h3>\n<p>Le cursus en BTS Informatique de Gestion permet de former les stagiaires aux fonctions administratives (classement,\u2026),Techniques (installation composante, s\u00e9curit\u00e9, gestion de la panne, programmation \u00a0dans divers langages, diagnostic des anomalies\u2026). Il permet \u00e0 \u00a0l\u2019apprenant de savoir g\u00e9rer le parc informatique.<\/p>\n<div align=\"justify\">\n<h3><strong>\u00a0Emploi et sp\u00e9cialis\u00e9 vis\u00e9s\u00a0:<\/strong><\/h3>\n<p>Le Technicien Sup\u00e9rieur en Informatique de Gestion doit r\u00e9aliser les fonctions suivantes\u00a0:<\/p>\n<\/div>\n<ul>\n<li>G\u00e9rer les diff\u00e9rents fichiers (informatiques et autres)<\/li>\n<li>Administrer des donn\u00e9es<\/li>\n<li>Assister les utilisateurs \u00e0 l\u2019exploitation de logiciels<\/li>\n<li>D\u00e9velopper des applications locales<\/li>\n<li>Solutionner des probl\u00e8mes informatiques<\/li>\n<li>Former des utilisateurs<\/li>\n<li>R\u00e9aliser des projets informatiques<\/li>\n<li>Programmer dans diff\u00e9rents langages<\/li>\n<li>Cr\u00e9ation des base de donn\u00e9es informatis\u00e9es (fournisseurs, clients, bon de commandes,etc.\u2026)<\/li>\n<li>Communication en Fran\u00e7ais et Anglais<\/li>\n<\/ul>\n<h3><strong>Les comp\u00e9tences de base \u00a0:<\/strong><\/h3>\n<ul>\n<li>Assister l\u2019exploitation d\u2019un logiciel de gestion G\u00e9rer les droits d\u2019acc\u00e8s de chaque membre de l\u2019entreprise Connaitre les<br \/>\ndiff\u00e9rentes \u00e9tapes d\u2019un projet d\u2019entreprise R\u00e9diger des formes de communication (rapport, compte rendu, etc\u2026)<\/li>\n<\/ul>\n<div align=\"justify\">\n<h3><strong> Les comp\u00e9tences associ\u00e9es\u00a0:<\/strong><\/h3>\n<ul>\n<li>Comprendre les \u00e9tapes de r\u00e9solution d\u2019un probl\u00e8me<\/li>\n<li>Savoir d\u00e9velopper, maintenir et corriger une application locale<\/li>\n<li>Savoir transformer un algorithme en programme cod\u00e9.<\/li>\n<\/ul>\n<\/div>\n<div align=\"justify\">\n<h3><strong> Les comp\u00e9tences li\u00e9es \u00e0 l\u2019emploi\u00a0:<\/strong><\/h3>\n<\/div>\n<ul>\n<li>Etre organis\u00e9 et m\u00e9thodique<\/li>\n<li>Avoir l\u2019esprit d\u2019\u00e9quipe<\/li>\n<li>Avoir la communication facile<\/li>\n<li>Savoir s\u2019adapter facilement<\/li>\n<\/ul>\n<\/div>\n<\/div>\n<p>[\/vc_column_text][\/vc_column][vc_column width=\u00a0\u00bb1\/4&Prime; offset=\u00a0\u00bbvc_hidden-sm vc_hidden-xs\u00a0\u00bb][vc_empty_space height=\u00a0\u00bb64px\u00a0\u00bb][vc_single_image image=\u00a0\u00bb2046&Prime;][vc_wp_custommenu nav_menu=\u00a0\u00bb3&Prime;][\/vc_column][\/vc_row]<\/p>\n<\/div>","protected":false},"excerpt":{"rendered":"<p>[vc_row][vc_column width=\u00a0\u00bb3\/4&Prime; el_class=\u00a0\u00bbvc_sidebar_position_right\u00a0\u00bb offset=\u00a0\u00bbvc_col-lg-9 vc_col-md-9 vc_col-sm-12&Prime;][vc_column_text] BTS Informatique de gestion Le cursus en BTS Informatique de Gestion permet de former les stagiaires aux fonctions administratives (classement,\u2026),Techniques (installation composante, s\u00e9curit\u00e9, gestion de la panne, programmation \u00a0dans divers langages, diagnostic des anomalies\u2026). Il permet \u00e0 \u00a0l\u2019apprenant de savoir g\u00e9rer le parc informatique. \u00a0Emploi et sp\u00e9cialis\u00e9 vis\u00e9s\u00a0: Le [&hellip;]<\/p>\n","protected":false},"author":1,"featured_media":0,"parent":18,"menu_order":0,"comment_status":"closed","ping_status":"closed","template":"","meta":{"footnotes":""},"_links":{"self":[{"href":"https:\/\/www.igi.tn\/index.php?rest_route=\/wp\/v2\/pages\/74"}],"collection":[{"href":"https:\/\/www.igi.tn\/index.php?rest_route=\/wp\/v2\/pages"}],"about":[{"href":"https:\/\/www.igi.tn\/index.php?rest_route=\/wp\/v2\/types\/page"}],"author":[{"embeddable":true,"href":"https:\/\/www.igi.tn\/index.php?rest_route=\/wp\/v2\/users\/1"}],"replies":[{"embeddable":true,"href":"https:\/\/www.igi.tn\/index.php?rest_route=%2Fwp%2Fv2%2Fcomments&post=74"}],"version-history":[{"count":10,"href":"https:\/\/www.igi.tn\/index.php?rest_route=\/wp\/v2\/pages\/74\/revisions"}],"predecessor-version":[{"id":2049,"href":"https:\/\/www.igi.tn\/index.php?rest_route=\/wp\/v2\/pages\/74\/revisions\/2049"}],"up":[{"embeddable":true,"href":"https:\/\/www.igi.tn\/index.php?rest_route=\/wp\/v2\/pages\/18"}],"wp:attachment":[{"href":"https:\/\/www.igi.tn\/index.php?rest_route=%2Fwp%2Fv2%2Fmedia&parent=74"}],"curies":[{"name":"wp","href":"https:\/\/api.w.org\/{rel}","templated":true}]}}