{"id":72,"date":"2017-09-15T12:03:25","date_gmt":"2017-09-15T10:03:25","guid":{"rendered":"http:\/\/localhost\/igi\/?page_id=72"},"modified":"2018-03-30T23:09:25","modified_gmt":"2018-03-30T21:09:25","slug":"concepteur-web","status":"publish","type":"page","link":"https:\/\/www.igi.tn\/?page_id=72","title":{"rendered":"Concepteur web"},"content":{"rendered":"<div class=\"wpb-content-wrapper\"><p>[vc_row][vc_column width=\u00a0\u00bb3\/4&Prime; el_class=\u00a0\u00bbvc_sidebar_position_right\u00a0\u00bb offset=\u00a0\u00bbvc_col-lg-9 vc_col-md-9 vc_col-sm-12&Prime;][vc_column_text]<\/p>\n<div class=\"intro_article italic black left\">\n<p>Le concepteur web intervient avant la cr\u00e9ation du site internet. Il conseille et aide le client \u00e0 \u00e9tablir une demande d\u00e9taill\u00e9e selon ses envies et ses attentes.<\/p>\n<\/div>\n<div id=\"article_metier\" class=\"baliseTexte trackingContainer trackingdone\" data-tracking-system=\"studyrama\" data-tracking-source=\"bo_studyrama\" data-tracking-event-type=\"external_click\" data-tracking-product-id=\"1080\" data-tracking-product-type=\"job_record\">\n<h3>\u00a0Les missions du concepteur web<\/h3>\n<p class=\"lettrine\">Dans le processus de cr\u00e9ation d\u2019un site internet, le <strong>concepteur web<\/strong> intervient bien en amont de la cr\u00e9ation concr\u00e8te. Premier interlocuteur avec le client, il l\u2019aide avant tout \u00e0 d\u00e9finir son projet. Il joue ainsi un r\u00f4le d\u2019\u00e9tude et de conseil.<br \/>\nSon objectif est de traduire les id\u00e9es de son client avec des mots. Pour cela, il analyse ses besoins et imagine des solutions et des interfaces les plus adapt\u00e9es. Il \u00e9labore les sp\u00e9cificit\u00e9s du futur site (ergonomie, fonctions, architecture) et intervient dans la r\u00e9daction du cahier des charges. Il r\u00e9dige \u00e9galement un devis d\u00e9taill\u00e9 pour la r\u00e9alisation du projet.<\/p>\n<h3>Manager une \u00e9quipe<\/h3>\n<p>Le client a accept\u00e9 la proposition\u00a0? Le concepteur web endosse alors le r\u00f4le <strong>chef de projet<\/strong>. \u00c0 lui de coordonner le travail pour la conception du site entre les d\u00e9veloppeurs, les graphistes et les autres sp\u00e9cialistes. Il s\u2019assure du respect des d\u00e9lais et des contraintes soulev\u00e9es par le client. Pendant toute la dur\u00e9e du projet, il reste d\u2019ailleurs en contact avec ce dernier et peut g\u00e9rer \u00e9ventuellement les modifications.<\/p>\n<h3>Comp\u00e9tences n\u00e9cessaires pour devenir concepteur web<\/h3>\n<p><img loading=\"lazy\" decoding=\"async\" class=\"puce\" src=\"http:\/\/www.studyrama.com\/squelettes-dist\/puce.gif\" alt=\"-\" width=\"8\" height=\"11\" \/>\u00a0Connaissance des outils informatiques<br \/>\n<img loading=\"lazy\" decoding=\"async\" class=\"puce\" src=\"http:\/\/www.studyrama.com\/squelettes-dist\/puce.gif\" alt=\"-\" width=\"8\" height=\"11\" \/>\u00a0Bon commercial \/ savoir communiquer<br \/>\n<img loading=\"lazy\" decoding=\"async\" class=\"puce\" src=\"http:\/\/www.studyrama.com\/squelettes-dist\/puce.gif\" alt=\"-\" width=\"8\" height=\"11\" \/>\u00a0Cr\u00e9ativit\u00e9<br \/>\n<img loading=\"lazy\" decoding=\"async\" class=\"puce\" src=\"http:\/\/www.studyrama.com\/squelettes-dist\/puce.gif\" alt=\"-\" width=\"8\" height=\"11\" \/>\u00a0Go\u00fbt pour relever les d\u00e9fis<br \/>\n<img loading=\"lazy\" decoding=\"async\" class=\"puce\" src=\"http:\/\/www.studyrama.com\/squelettes-dist\/puce.gif\" alt=\"-\" width=\"8\" height=\"11\" \/>\u00a0Veille permanente de l\u2019actualit\u00e9 informatique<br \/>\n<img loading=\"lazy\" decoding=\"async\" class=\"puce\" src=\"http:\/\/www.studyrama.com\/squelettes-dist\/puce.gif\" alt=\"-\" width=\"8\" height=\"11\" \/>\u00a0Polyvalent<\/p>\n<\/div>\n<p>[\/vc_column_text][\/vc_column][vc_column width=\u00a0\u00bb1\/4&Prime; offset=\u00a0\u00bbvc_hidden-sm vc_hidden-xs\u00a0\u00bb][vc_single_image image=\u00a0\u00bb1674&Prime;][vc_wp_custommenu nav_menu=\u00a0\u00bb3&Prime;][\/vc_column][\/vc_row]<\/p>\n<\/div>","protected":false},"excerpt":{"rendered":"<p>[vc_row][vc_column width=\u00a0\u00bb3\/4&Prime; el_class=\u00a0\u00bbvc_sidebar_position_right\u00a0\u00bb offset=\u00a0\u00bbvc_col-lg-9 vc_col-md-9 vc_col-sm-12&Prime;][vc_column_text] Le concepteur web intervient avant la cr\u00e9ation du site internet. Il conseille et aide le client \u00e0 \u00e9tablir une demande d\u00e9taill\u00e9e selon ses envies et ses attentes. \u00a0Les missions du concepteur web Dans le processus de cr\u00e9ation d\u2019un site internet, le concepteur web intervient bien en amont de la [&hellip;]<\/p>\n","protected":false},"author":1,"featured_media":0,"parent":18,"menu_order":0,"comment_status":"closed","ping_status":"closed","template":"","meta":{"footnotes":""},"_links":{"self":[{"href":"https:\/\/www.igi.tn\/index.php?rest_route=\/wp\/v2\/pages\/72"}],"collection":[{"href":"https:\/\/www.igi.tn\/index.php?rest_route=\/wp\/v2\/pages"}],"about":[{"href":"https:\/\/www.igi.tn\/index.php?rest_route=\/wp\/v2\/types\/page"}],"author":[{"embeddable":true,"href":"https:\/\/www.igi.tn\/index.php?rest_route=\/wp\/v2\/users\/1"}],"replies":[{"embeddable":true,"href":"https:\/\/www.igi.tn\/index.php?rest_route=%2Fwp%2Fv2%2Fcomments&post=72"}],"version-history":[{"count":6,"href":"https:\/\/www.igi.tn\/index.php?rest_route=\/wp\/v2\/pages\/72\/revisions"}],"predecessor-version":[{"id":2031,"href":"https:\/\/www.igi.tn\/index.php?rest_route=\/wp\/v2\/pages\/72\/revisions\/2031"}],"up":[{"embeddable":true,"href":"https:\/\/www.igi.tn\/index.php?rest_route=\/wp\/v2\/pages\/18"}],"wp:attachment":[{"href":"https:\/\/www.igi.tn\/index.php?rest_route=%2Fwp%2Fv2%2Fmedia&parent=72"}],"curies":[{"name":"wp","href":"https:\/\/api.w.org\/{rel}","templated":true}]}}