{"id":1996,"date":"2018-03-29T15:28:00","date_gmt":"2018-03-29T13:28:00","guid":{"rendered":"http:\/\/www.igi.tn\/?page_id=1996"},"modified":"2018-03-29T15:35:50","modified_gmt":"2018-03-29T13:35:50","slug":"reglement-interieur","status":"publish","type":"page","link":"https:\/\/www.igi.tn\/?page_id=1996","title":{"rendered":"R\u00e8glement int\u00e9rieur"},"content":{"rendered":"<div class=\"wpb-content-wrapper\"><p>[vc_row][vc_column][vc_column_text]<\/p>\n<h3>1-Mission du centre<\/h3>\n<ol>\n<li>Le centre <strong>IGI<\/strong> est un \u00e9tablissement priv\u00e9 de formation professionnelle sp\u00e9cialis\u00e9 dans la formation continue (formation professionnelle des cadres et dirigeants d\u2019entreprise) ainsi que dans la formation initiale et continue.<\/li>\n<\/ol>\n<h3>2- Structure du centre<\/h3>\n<p>Le centre est dirig\u00e9 par un directeur qui est assist\u00e9 par une responsable p\u00e9dagogique (responsable des programmes de formation et des stages)\u00a0et des formateurs.<\/p>\n<ul class=\"puce_carre\">\n<li>le conseil p\u00e9dagogique : il a pour mission d\u2019assurer le relaie entre la direction de l\u2019institut, les formateurs et les stagiaires. Il informe et donne<\/li>\n<li>son avis sur les questions p\u00e9dagogiques (contenu de la formation, examens\u2026).Ce conseil est pr\u00e9sid\u00e9 par le directeur, le responsable p\u00e9dagogique et au moins de deux formateurs.<\/li>\n<li>conseil de discipline : pr\u00e9sid\u00e9 par le directeur du centre. Compos\u00e9 au moins de deux formateurs ainsi que des personnes d\u00e9sign\u00e9es par le directeur.<\/li>\n<li>conseil de classe : il ya un conseil de classe pour chaque classe. Il doit \u00eatre compos\u00e9 du directeur ou de son repr\u00e9sentant, des responsables p\u00e9dagogiques de la fili\u00e8re et des formateurs de la classe concern\u00e9e.<\/li>\n<\/ul>\n<h3>3-Admission et inscription<\/h3>\n<ol>\n<li>Le niveau d\u2019acc\u00e8s pour chaque sp\u00e9cialit\u00e9 est fix\u00e9 par la loi et la r\u00e9glementation en vigueur du minist\u00e8re de l\u2019\u00e9ducation et de la formation<\/li>\n<\/ol>\n<h4>Dipl\u00f4mes homologu\u00e9s<\/h4>\n<ol>\n<li>Les niveaux minimums exig\u00e9s pour l\u2019obtention des dipl\u00f4mes homologu\u00e9s sont :<\/li>\n<\/ol>\n<table id=\"table_regelement\" border=\"2\" cellspacing=\"0\" cellpadding=\"0\">\n<tbody>\n<tr>\n<td valign=\"top\" width=\"158\"><strong>Niveau d\u2019homologation<\/strong><\/td>\n<td valign=\"top\" width=\"154\"><strong>Dipl\u00f4me<\/strong><\/td>\n<td valign=\"top\" width=\"104\"><strong>Dur\u00e9e<\/strong><\/td>\n<td valign=\"top\" width=\"199\"><strong>Niveau minimum d\u2019acc\u00e8s<\/strong><\/td>\n<\/tr>\n<tr>\n<td valign=\"top\" width=\"158\">\n<p align=\"center\">I<\/p>\n<\/td>\n<td valign=\"top\" width=\"154\">CAP : certificat d\u2019aptitude professionnelle<\/td>\n<td valign=\"top\" width=\"154\">\n<p align=\"center\">1 an<\/p>\n<\/td>\n<td valign=\"top\" width=\"199\">Fin de l\u2019\u00e9cole de base avec succ\u00e8s ou \u00e9quivalent approuv\u00e9 par le minist\u00e8re de l\u2019\u00e9ducation et de la formation<\/td>\n<\/tr>\n<tr>\n<td valign=\"top\" width=\"158\">\n<p align=\"center\">II<\/p>\n<\/td>\n<td valign=\"top\" width=\"154\">BTP : brevet de technicien professionnel<\/td>\n<td valign=\"top\" width=\"84\">\n<p align=\"center\">2 ans<\/p>\n<\/td>\n<td valign=\"top\" width=\"199\">Fin du premier cycle secondaire avec succ\u00e8s ou avoir un CAP homologu\u00e9 dans un domaine similaire ou \u00e9quivalent approuv\u00e9 par le minist\u00e8re de l\u2019\u00e9ducation et de la formation<\/td>\n<\/tr>\n<tr>\n<td valign=\"top\" width=\"158\">\n<p align=\"center\">III<\/p>\n<\/td>\n<td valign=\"top\" width=\"154\">BTS : brevet de technicien sup\u00e9rieur<\/td>\n<td valign=\"top\" width=\"84\">\n<p align=\"center\">2 ans<\/p>\n<\/td>\n<td valign=\"top\" width=\"199\">Etre titulaire du bac ou d\u2019un BTP homologu\u00e9<\/td>\n<\/tr>\n<\/tbody>\n<\/table>\n<p><strong>Remarque<\/strong><strong>\u00a0:<\/strong>\u00a0Les personnes autoris\u00e9es \u00e0 s\u2019inscrire et n\u2019ayant pas pr\u00e9sent\u00e9 les pi\u00e8ces n\u00e9cessaires prouvant leur possession du niveau minimum exig\u00e9 ou ayant pr\u00e9sent\u00e9 des pi\u00e8ces prouvant un niveau diff\u00e9rent \u00e0 celui indiqu\u00e9 dans le paragraphe pr\u00e9c\u00e9dent ne pourraient postuler qu\u2019\u00e0 des dipl\u00f4mes internes du centre non homologu\u00e9s.<\/p>\n<h4>Dipl\u00f4mes non homologu\u00e9s<\/h4>\n<p>Les candidats qui ne remplissent pas les crit\u00e8res mentionn\u00e9s ci-dessous peuvent b\u00e9n\u00e9ficier d\u2019une formation couronn\u00e9e par un dipl\u00f4me non\u00a0homologu\u00e9.( similaire \u00e0 une attestation de formation)<\/p>\n<p>Horaires du travail :<\/p>\n<p>-Du lundi au vendredi : de 9 H \u00e0 12 H puis 13H-18 H<\/p>\n<p>-Samedi : de 9 H \u00e0 12 H<\/p>\n<p>Vacances scolaires : 2010-2011<\/p>\n<h4>Vacances :<\/h4>\n<ol>\n<li>Hiver : 22 d\u00e9cembre \u2013 5 janvier<\/li>\n<li>Printemps : 16 mars \u2013 1er\u00a0avril<\/li>\n<li><strong>Jours f\u00e9ri\u00e9s<\/strong>\u00a0: seront communiqu\u00e9s par l\u2019administration en temps opportun.<\/li>\n<\/ol>\n<h4>L\u2019obtention du dipl\u00f4me IGI:<\/h4>\n<ul class=\"puce_carre\">\n<li>L\u2019\u00e9tudiant ayant acquis avec succ\u00e8s toutes les comp\u00e9tences de sa sp\u00e9cialit\u00e9 doit pr\u00e9senter ses travaux de fin d\u2019\u00e9tude ainsi que son rapport de stage de deuxi\u00e8me ann\u00e9e devant un jury de soutenance de fin de formation qui aura le dernier mot dans l\u2019\u00e9valuation des niveaux acquis.<\/li>\n<li>Les soutenances de fin de formation se tiendront en session principale et en session de contr\u00f4le.<\/li>\n<li>L\u2019\u00e9tudiant qui n\u2019a pas \u00e9t\u00e9 jug\u00e9 valable dans les deux sessions doit redoubler sa deuxi\u00e8me ann\u00e9e et devra se pr\u00e9senter de nouveau devant un jury correspondant \u00e0 son ann\u00e9e de formation.<\/li>\n<li>Les \u00e9tudiants ayant \u00e9t\u00e9 d\u00e9clar\u00e9s admis dans l\u2019une des deux sessions sont d\u00e9clar\u00e9s dipl\u00f4m\u00e9s dans leur sp\u00e9cialit\u00e9 et auront donc droit \u00e0 un dipl\u00f4me IGI attestant de leur formation dans leur sp\u00e9cialit\u00e9.<\/li>\n<\/ul>\n<h4>Moyens p\u00e9dagogiques :<\/h4>\n<ul class=\"puce_carre\">\n<li>Le centre IGI doit fournir aux stagiaires les \u00e9quipements et mat\u00e9riel n\u00e9cessaires pour un d\u00e9roulement efficace des s\u00e9ances de formation.<\/li>\n<li>Le centre dispose d\u2019une salle m\u00e9dia : ordinateurs, tableaux blancs, acc\u00e8s internet, lecteur DVD et TV (pour projection de films \u00e9ducatifs),<\/li>\n<li>r\u00e9troprojecteur, une photocopieuse.<\/li>\n<li>Le stagiaire doit ramener avec lui une cl\u00e9 USB pour sauvegarder ses travaux personnels, ses fournitures scolaires (cahier, stylos\u2026).<\/li>\n<li>Les photocopies des documents ayant un lien direct avec les cours sont effectu\u00e9es par le centre sous le contr\u00f4le de l\u2019enseignant en question.<\/li>\n<\/ul>\n<h4>Inscription :<\/h4>\n<p>L\u2019inscription ne devient effective que lorsque le stagiaire a effectu\u00e9 :<\/p>\n<ul>\n<li>Le d\u00e9p\u00f4t du dossier d\u2019inscription complet<\/li>\n<li>Le paiement des droits d\u2019inscription<\/li>\n<li>La direction peut autoriser les stagiaires \u00e0 s\u2019inscrire provisoirement ou tardivement.<\/li>\n<\/ul>\n<p>L\u2019inscription provisoire et durant la p\u00e9riode relative \u00e0 la tranche de paiement des droits correspondants donne droit \u00e0 :<\/p>\n<ul>\n<li>\u00a0\u00a0&#8211; Assistance au cours et travaux pratiques<\/li>\n<li>\u00a0\u00a0&#8211; Participation aux examens pour l\u2019obtention d\u2019une attestation de formation<\/li>\n<\/ul>\n<p>Pour les stagiaires n\u2019ayant pas acquitt\u00e9 les droits d\u2019inscription et de scolarit\u00e9, la direction du centre r\u00e9serve le droit de leur interdire l\u2019acc\u00e8s aux cours ainsi que l\u2019octroi de ses prestations.<\/p>\n<p>Les droits d\u2019inscription et de formation sont annuels,\u00a0<strong>ne doivent subir aucun changement durant l\u2019ann\u00e9e de formation.<\/strong>\u00a0Les montants vers\u00e9s au centre de formation ne peuvent en aucun cas \u00eatre rembours\u00e9s.<\/p>\n<p>Le centre de formation d\u00e9livre au stagiaire apr\u00e8s qu\u2019il ait accompli les formalit\u00e9s d\u2019inscription et acquitt\u00e9 le montant des droits d\u2019inscription,un certificat attestant sa qualit\u00e9 de stagiaire pour les abonnements scolaires ou autres.<\/p>\n<p><strong>Les pi\u00e8ces devant constituer le dossier d\u2019inscription sont :<\/strong><\/p>\n<ul class=\"puce_carre\">\n<li>2 photocopies certifi\u00e9es conformes des attestations scolaires ou dipl\u00f4mes (Les attestations scolaires et dipl\u00f4mes d\u00e9livr\u00e9s par les institutions priv\u00e9es doivent porter le cachet et la signature de la direction r\u00e9gionale du minist\u00e8re charg\u00e9 de l\u2019\u00e9ducation et de la formation).<\/li>\n<li>Un extrait de naissance en cours de validit\u00e9<\/li>\n<li>4 photos d\u2019identit\u00e9<\/li>\n<li>Le pr\u00e9sent r\u00e8glement int\u00e9rieur et la d\u00e9claration sur l\u2019honneur jointe, portant la signature l\u00e9galis\u00e9e.<\/li>\n<li>D\u2019autres pi\u00e8ces peuvent \u00eatre demand\u00e9es. Ces pi\u00e8ces sont fix\u00e9es annuellement par la direction de l\u2019institut selon la r\u00e9glementation en vigueur, les directives et l\u2019avis du conseil p\u00e9dagogique.<\/li>\n<li>Les formulaires et documents \u00e0 usage individuel ou n\u00e9cessaires pour la r\u00e9alisation des projets sont \u00e0 la charge des stagiaires.<\/li>\n<\/ul>\n<h3>4- La discipline<\/h3>\n<ul class=\"puce_carre\">\n<li>Les stagiaires doivent respecter les horaires du travail du centre.<\/li>\n<li>Tout retardataire n\u2019est admis aux cours qu\u2019apr\u00e8s l\u2019obtention d\u2019un billet d\u00e9livr\u00e9 par la direction.<\/li>\n<li>Pendant les heures r\u00e9glementaires de pr\u00e9sence le stagiaire ne peut quitter les cours sans autorisation pr\u00e9alable du formateur.<\/li>\n<li>L\u2019absence \u00e0 une s\u00e9ance est consid\u00e9r\u00e9e comme une absence pour une journ\u00e9e enti\u00e8re. Le stagiaire ne peut r\u00e9int\u00e9grer le cours, qu\u2019apr\u00e8s avoir pr\u00e9sent\u00e9 les justifications n\u00e9cessaires. La justification de l\u2019absence du stagiaire doit \u00eatre faite au plus tard dans les 48 heures qui suivent.Les absences fr\u00e9quentes exposent le stagiaire \u00e0 son exclusion d\u00e9finitive de l\u2019\u00e9tablissement. L\u2019absence non justifi\u00e9e et sup\u00e9rieure \u00e0 15 jours entraine le renvoi du centre.<\/li>\n<li>L\u2019acc\u00e8s aux espaces r\u00e9serv\u00e9s \u00e0 la formation est interdit en dehors de l\u2019horaire normal, sauf autorisation de la direction. La direction du centre d\u00e9cline toute responsabilit\u00e9 pour les pertes, vols ou d\u00e9t\u00e9rioration survenus aux effets des stagiaires d\u00e9pos\u00e9s dans les locaux du centre.<\/li>\n<li>Le respect des stagiaires est du aux \u00e0 tous les formateurs ainsi qu\u2019\u00e0 tous le personnel exer\u00e7ant dans l\u2019\u00e9tablissement.<\/li>\n<li>Tout comportement illicite ou immoral, toute manifestation de laisser- aller, d\u2019agressivit\u00e9 physique ou verbale exposent le stagiaire \u00e0 des sanctions disciplinaires pouvant aller jusqu\u2019\u00e0 son exclusion d\u00e9finitive de l\u2019\u00e9tablissement.<\/li>\n<li>Les tenues excentriques et ou provocantes sont formellement interdites.<\/li>\n<li>Il est strictement interdit aux stagiaires de fumer dans les espaces p\u00e9dagogiques.<\/li>\n<li>Il est formellement interdit d\u2019organiser \u00e0 l\u2019int\u00e9rieur du centre des r\u00e9unions, ou de proc\u00e9der \u00e0 des propagandes \u00e0 caract\u00e8re politique, syndicale ou religieuse.<\/li>\n<\/ul>\n<h4>Sanctions :<\/h4>\n<ol>\n<li>Trois types de sanction sont pr\u00e9vus pour assurer la discipline au sein de l\u2019\u00e9cole et ceci selon la gravit\u00e9 de l\u2019erreur :\n<ul class=\"puce_carre\">\n<li>Sanction du premier degr\u00e9.<\/li>\n<li>Sanction du second degr\u00e9.<\/li>\n<li>Sanction du troisi\u00e8me degr\u00e9.<\/li>\n<\/ul>\n<\/li>\n<\/ol>\n<p><strong>a \u2013 Sanction du 1er\u00a0degr\u00e9 :<\/strong><\/p>\n<p>Il s\u2019agit de l\u2019exclusion de la salle de cours pour une s\u00e9ance, de l\u2019interdiction d\u2019acc\u00e8s aux cours pour une s\u00e9ance et une observation. Ces sanctions peuvent \u00eatre donn\u00e9es directement par le formateur, le directeur ou l\u2019un de ses repr\u00e9sentants<\/p>\n<p class=\"undeline_text\"><strong>b \u2013 Sanction du second degr\u00e9 :<\/strong><\/p>\n<p>Ces sanctions peuvent \u00eatre donn\u00e9es directement par le directeur :il s\u2019agit d\u2019un avertissement et l\u2019interdiction d\u2019assister aux cours pour une p\u00e9riode n\u2019exc\u00e9dant pas 3 jours.<\/p>\n<p class=\"undeline_text\"><strong>c \u2013 Sanction du troisi\u00e8me degr\u00e9 :<\/strong><\/p>\n<p>Ces sanctions ne peuvent \u00eatre \u00e9mises que par le conseil de discipline .Il s\u2019agit de renvois d\u00e9passant les trois jours ou le renvoi d\u00e9finitif.<\/p>\n<p>Les sanctions du premier degr\u00e9 sont particuli\u00e8rement inflig\u00e9es dans les cas suivants :<\/p>\n<ul class=\"puce_carre\">\n<li>Retards injustifi\u00e9s<\/li>\n<li>mauvais comportement en classe ou dans les couloirs<\/li>\n<li>manque de respect envers les formateurs et le personnel de l\u2019institut<\/li>\n<li>la non r\u00e9alisation des devoirs et devoirs demand\u00e9s par le formateur et tout autre acte jug\u00e9 anormal pouvant porter atteinte \u00e0 la bonne marche des cours ou \u00e0 la discipline au sein de l\u2019\u00e9cole.<\/li>\n<\/ul>\n<p>&nbsp;<\/p>\n<p>Les sanctions du second degr\u00e9 sont particuli\u00e8rement inflig\u00e9es dans les cas suivants :<\/p>\n<ul class=\"puce_carre\">\n<li>Retards injustifi\u00e9s et r\u00e9p\u00e9t\u00e9s<\/li>\n<li>Absences injustifi\u00e9es<\/li>\n<li>Manque de respect envers les formateurs et l\u2019\u00e9quipe dirigeante et tout autre acte jug\u00e9 grave par la direction de l\u2019institut.<\/li>\n<\/ul>\n<p>Les sanctions du troisi\u00e8me degr\u00e9 sont particuli\u00e8rement inflig\u00e9es dans les cas suivants :<\/p>\n<ul class=\"puce_carre\">\n<li>Fraude ou tentative de fraude pendant les examens.<\/li>\n<li>comportement immoral.<\/li>\n<li>Manque de respect total ou tout autre acte jug\u00e9 d\u2019une gravit\u00e9 majeure.<\/li>\n<\/ul>\n<h3>5- Contr\u00f4les et examens<\/h3>\n<ul class=\"puce_carre\">\n<li>Le stagiaire doit subir un examen \u00e0 la fin de chaque semestre, ceci en plus du test de contr\u00f4le de contr\u00f4le continu (3 contr\u00f4les par semestre)<\/li>\n<li>Les contr\u00f4les et examens doivent \u00eatre organis\u00e9s de mani\u00e8re \u00e0 respecter scrupuleusement les programmes de formation et la r\u00e9glementation en vigueur.<\/li>\n<li>Les copies d\u2019examens doivent \u00eatre remises \u00e0 la direction apr\u00e8s correction<\/li>\n<li>Les formateurs doivent remettre les notes de contr\u00f4le et d\u2019examen \u00e0 l\u2019administration.<\/li>\n<li>Toute fraude \u00e0 un examen entrainera un z\u00e9ro et une sanction du 3\u00a0\u00e8me\u00a0degr\u00e9<\/li>\n<li>Toute absence injustifi\u00e9e lors d\u2019un examen ou contr\u00f4le sera sanctionn\u00e9e par un Z\u00e9ro sur vingt<\/li>\n<li>Les d\u00e9lib\u00e9rations semestrielles ou annuelles sont faites lors du conseil de classe<\/li>\n<li>Les copies d\u2019examens sont conserv\u00e9es \u00e0 l\u2019administration<\/li>\n<li>La direction du centre est tenue d\u2019informer les \u00e9tudiants, parents ou tuteurs des r\u00e9sultats des examens et contr\u00f4les par le biais d\u2019un bulletin de notes et de l\u2019affichage au centre.<\/li>\n<li>La direction du centre es tenue d\u2019informer les \u00e9tudiants \u00e0 l\u2019avance des conditions de r\u00e9ussite et d\u2019obtention du dipl\u00f4me.<\/li>\n<\/ul>\n<p>[\/vc_column_text][\/vc_column][\/vc_row]<\/p>\n<\/div>","protected":false},"excerpt":{"rendered":"<p>[vc_row][vc_column][vc_column_text] 1-Mission du centre Le centre IGI est un \u00e9tablissement priv\u00e9 de formation professionnelle sp\u00e9cialis\u00e9 dans la formation continue (formation professionnelle des cadres et dirigeants d\u2019entreprise) ainsi que dans la formation initiale et continue. 2- Structure du centre Le centre est dirig\u00e9 par un directeur qui est assist\u00e9 par une responsable p\u00e9dagogique (responsable des programmes [&hellip;]<\/p>\n","protected":false},"author":1,"featured_media":0,"parent":0,"menu_order":0,"comment_status":"closed","ping_status":"closed","template":"","meta":{"footnotes":""},"_links":{"self":[{"href":"https:\/\/www.igi.tn\/index.php?rest_route=\/wp\/v2\/pages\/1996"}],"collection":[{"href":"https:\/\/www.igi.tn\/index.php?rest_route=\/wp\/v2\/pages"}],"about":[{"href":"https:\/\/www.igi.tn\/index.php?rest_route=\/wp\/v2\/types\/page"}],"author":[{"embeddable":true,"href":"https:\/\/www.igi.tn\/index.php?rest_route=\/wp\/v2\/users\/1"}],"replies":[{"embeddable":true,"href":"https:\/\/www.igi.tn\/index.php?rest_route=%2Fwp%2Fv2%2Fcomments&post=1996"}],"version-history":[{"count":2,"href":"https:\/\/www.igi.tn\/index.php?rest_route=\/wp\/v2\/pages\/1996\/revisions"}],"predecessor-version":[{"id":2000,"href":"https:\/\/www.igi.tn\/index.php?rest_route=\/wp\/v2\/pages\/1996\/revisions\/2000"}],"wp:attachment":[{"href":"https:\/\/www.igi.tn\/index.php?rest_route=%2Fwp%2Fv2%2Fmedia&parent=1996"}],"curies":[{"name":"wp","href":"https:\/\/api.w.org\/{rel}","templated":true}]}}