{"id":1980,"date":"2018-03-27T11:35:10","date_gmt":"2018-03-27T09:35:10","guid":{"rendered":"http:\/\/localhost\/igi\/?page_id=1980"},"modified":"2018-03-30T19:01:20","modified_gmt":"2018-03-30T17:01:20","slug":"inscription","status":"publish","type":"page","link":"https:\/\/www.igi.tn\/?page_id=1980","title":{"rendered":"Inscription"},"content":{"rendered":"<div class=\"wpb-content-wrapper\"><p>[vc_row][vc_column][vc_column_text]<\/p>\n<h2 style=\"text-align: center;\">Inscription en ligne<\/h2>\n<p><strong class=\"orange\">Nous sommes l\u00e0 pour vous renseigner, alors n\u2019h\u00e9sitez pas !<\/strong><\/p>\n<p style=\"text-align: center;\">\u2013 Vous avez besoin d\u2019un renseignement, vous remplissez le formulaire, nous vous r\u00e9pondrons dans les plus brefs d\u00e9lais.<\/p>\n<p style=\"text-align: center;\"><span style=\"color: red;\">N.B. Fiche \u00e0 remplir soigneusement par l\u2019\u00e9tudiant. Gratuite et sans engagement<\/span><\/p>\n<p>[\/vc_column_text][\/vc_column][\/vc_row][vc_row content_placement=\u00a0\u00bbmiddle\u00a0\u00bb][vc_column css=\u00a0\u00bb.vc_custom_1522324294682{margin-left: 350px !important;}\u00a0\u00bb]<div role=\"form\" class=\"wpcf7\" id=\"wpcf7-f1981-o1\" lang=\"fr-FR\" dir=\"ltr\">\n<div class=\"screen-reader-response\"><\/div>\n<form action=\"\/index.php?rest_route=%2Fwp%2Fv2%2Fpages%2F1980#wpcf7-f1981-o1\" method=\"post\" class=\"wpcf7-form\" novalidate=\"novalidate\">\n<div style=\"display: none;\">\n<input type=\"hidden\" name=\"_wpcf7\" value=\"1981\" \/>\n<input type=\"hidden\" name=\"_wpcf7_version\" value=\"5.0.1\" \/>\n<input type=\"hidden\" name=\"_wpcf7_locale\" value=\"fr_FR\" \/>\n<input type=\"hidden\" name=\"_wpcf7_unit_tag\" value=\"wpcf7-f1981-o1\" \/>\n<input type=\"hidden\" name=\"_wpcf7_container_post\" value=\"0\" \/>\n<\/div>\n<div class=\"row\">\n<div class=\"col-xs-4 col-sm-4 col-md-4 col-lg-4\">\n<div class=\"form-group\">\n<B> Nom et Pr\u00e9nom <\/B><br \/>\n<span class=\"wpcf7-form-control-wrap Nom\"><input type=\"text\" name=\"Nom\" value=\"\" size=\"40\" class=\"wpcf7-form-control wpcf7-text wpcf7-validates-as-required form-control\" aria-required=\"true\" aria-invalid=\"false\" placeholder=\"Votre Nom et Pr\u00e9nom\" \/><\/span>\n<\/div>\n<\/div>\n<div class=\"col-xs-4 col-sm-4 col-md-4 col-lg-4\">\n<div class=\"form-group\">\n<B> T\u00e9l\u00e9phone <\/B><br \/>\n<span class=\"wpcf7-form-control-wrap tel\"><input type=\"tel\" name=\"tel\" value=\"\" size=\"40\" class=\"wpcf7-form-control wpcf7-text wpcf7-tel wpcf7-validates-as-required wpcf7-validates-as-tel form-control\" aria-required=\"true\" aria-invalid=\"false\" placeholder=\"20 200 200\" \/><\/span>\n<\/div>\n<\/div>\n<\/div>\n<div class=\"row\">\n<div class=\"col-xs-4 col-sm-4 col-md-4 col-lg-4\">\n<div class=\"form-group\">\n<B> date de Naissance <\/B><br \/>\n<span class=\"wpcf7-form-control-wrap date-Naissance\"><input type=\"date\" name=\"date-Naissance\" value=\"\" class=\"wpcf7-form-control wpcf7-date wpcf7-validates-as-required wpcf7-validates-as-date form-control\" aria-required=\"true\" aria-invalid=\"false\" \/><\/span>\n<\/div>\n<\/div>\n<div class=\"col-xs-4 col-sm-4 col-md-4 col-lg-4\">\n<div class=\"form-group\">\n<B> Lieu de naissance <\/B><br \/>\n<span class=\"wpcf7-form-control-wrap Lieu\"><input type=\"text\" name=\"Lieu\" value=\"\" size=\"40\" class=\"wpcf7-form-control wpcf7-text wpcf7-validates-as-required form-control\" aria-required=\"true\" aria-invalid=\"false\" placeholder=\"Tunis\" \/><\/span>\n<\/div>\n<\/div>\n<\/div>\n<div class=\"row\">\n<div class=\"col-xs-4 col-sm-4 col-md-4 col-lg-4\">\n<div class=\"form-group\">\n<B> Nationalit\u00e9 <\/B><br \/>\n<span class=\"wpcf7-form-control-wrap menu-Nationalite\"><select name=\"menu-Nationalite\" class=\"wpcf7-form-control wpcf7-select wpcf7-validates-as-required form-control\" aria-required=\"true\" aria-invalid=\"false\"><option value=\"Tunisienne\">Tunisienne<\/option><option value=\"Alg\u00e9rienne\">Alg\u00e9rienne<\/option><option value=\"Libyenne\">Libyenne<\/option><option value=\"Marocaine\">Marocaine<\/option><option value=\"Mauritanienne\">Mauritanienne<\/option><option value=\"\u00c9gyptienne\">\u00c9gyptienne<\/option><option value=\"Burkinab\u00e9\">Burkinab\u00e9<\/option><option value=\"Burundaise\">Burundaise<\/option><option value=\"Camerounaise\">Camerounaise<\/option><option value=\"Congolaise\">Congolaise<\/option><option value=\"Ivoirienne\">Ivoirienne<\/option><option value=\"Malienne\">Malienne<\/option><option value=\"S\u00e9n\u00e9galaise\">S\u00e9n\u00e9galaise<\/option><option value=\"Togolaise\">Togolaise<\/option><option value=\"Francaise\">Francaise<\/option><option value=\"Autre\">Autre<\/option><\/select><\/span>\n<\/div>\n<\/div>\n<div class=\"col-xs-4 col-sm-4 col-md-4 col-lg-4\">\n<div class=\"form-group\">\n<B> Adresse <\/B><br \/>\n<span class=\"wpcf7-form-control-wrap Adresse\"><input type=\"text\" name=\"Adresse\" value=\"\" size=\"40\" class=\"wpcf7-form-control wpcf7-text wpcf7-validates-as-required form-control\" aria-required=\"true\" aria-invalid=\"false\" placeholder=\"5 Rue de ...\" \/><\/span>\n<\/div>\n<\/div>\n<\/div>\n<div class=\"row\">\n<div class=\"col-xs-4 col-sm-4 col-md-4 col-lg-4\">\n<div class=\"form-group\">\n<B> Ville <\/B><br \/>\n<span class=\"wpcf7-form-control-wrap Ville\"><input type=\"text\" name=\"Ville\" value=\"\" size=\"40\" class=\"wpcf7-form-control wpcf7-text wpcf7-validates-as-required form-control\" aria-required=\"true\" aria-invalid=\"false\" placeholder=\"Ville\" \/><\/span>\n<\/div>\n<\/div>\n<div class=\"col-xs-4 col-sm-4 col-md-4 col-lg-4\">\n<div class=\"form-group\">\n<B> Pays <\/B><br \/>\n<span class=\"wpcf7-form-control-wrap menu-pays\"><select name=\"menu-pays\" class=\"wpcf7-form-control wpcf7-select wpcf7-validates-as-required form-control\" aria-required=\"true\" aria-invalid=\"false\"><option value=\"Tunisie\">Tunisie<\/option><option value=\"Alg\u00e9rie\">Alg\u00e9rie<\/option><option value=\"Libye\">Libye<\/option><option value=\"Maroc\">Maroc<\/option><option value=\"Mauritanie\">Mauritanie<\/option><option value=\"\u00c9gypte\">\u00c9gypte<\/option><option value=\"Soudan\">Soudan<\/option><option value=\"Mali\">Mali<\/option><option value=\"Cameroun\">Cameroun<\/option><option value=\"Cote d&#039;ivoire\">Cote d&#039;ivoire<\/option><option value=\"S\u00e9n\u00e9gal\">S\u00e9n\u00e9gal<\/option><option value=\"Congo\">Congo<\/option><option value=\"Togo\">Togo<\/option><option value=\"France\">France<\/option><option value=\"Autre\">Autre<\/option><\/select><\/span>\n<\/div>\n<\/div>\n<\/div>\n<div class=\"row\">\n<div class=\"col-xs-4 col-sm-4 col-md-4 col-lg-4\">\n<div class=\"form-group\">\n<B> Niveau d'\u00e9tude <\/B><br \/>\n<span class=\"wpcf7-form-control-wrap Niveau\"><input type=\"text\" name=\"Niveau\" value=\"\" size=\"40\" class=\"wpcf7-form-control wpcf7-text wpcf7-validates-as-required form-control\" aria-required=\"true\" aria-invalid=\"false\" placeholder=\"Niveau d&#039;\u00e9tude\" \/><\/span>\n<\/div>\n<\/div>\n<div class=\"col-xs-4 col-sm-4 col-md-4 col-lg-4\">\n<div class=\"form-group\">\n<B> E-mail <\/B><br \/>\n<span class=\"wpcf7-form-control-wrap email\"><input type=\"email\" name=\"email\" value=\"\" size=\"40\" class=\"wpcf7-form-control wpcf7-text wpcf7-email wpcf7-validates-as-required wpcf7-validates-as-email form-control\" aria-required=\"true\" aria-invalid=\"false\" placeholder=\"E-mail\" \/><\/span>\n<\/div>\n<\/div>\n<\/div>\n<div class=\"row\">\n<div class=\"col-xs-8 col-sm-8 col-md-8 col-lg-8\">\n<div class=\"form-group\">\n<B> Votre message <\/B><br \/>\n<span class=\"wpcf7-form-control-wrap message\"><textarea name=\"message\" cols=\"40\" rows=\"3\" class=\"wpcf7-form-control wpcf7-textarea wpcf7-validates-as-required form-control\" aria-required=\"true\" aria-invalid=\"false\"><\/textarea><\/span>\n<\/div>\n<\/div>\n<\/div>\n<div class=\"row\">\n<div class=\"col-xs-4 col-sm-4 col-md-4 col-lg-4\">\n<input type=\"submit\" value=\"Submit\" class=\"wpcf7-form-control wpcf7-submit btn btn-default\" \/>\n<\/div>\n<div class=\"col-xs-4 col-sm-4 col-md-4 col-lg-4\">\n<div class=\"wpcf7-form-control-wrap\"><div data-sitekey=\"6LdfQE8UAAAAAA66-h4CIezujfPVSWDl5CQldDwD\" class=\"wpcf7-form-control g-recaptcha wpcf7-recaptcha\"><\/div>\n<noscript>\n\t<div style=\"width: 302px; height: 422px;\">\n\t\t<div style=\"width: 302px; height: 422px; position: relative;\">\n\t\t\t<div style=\"width: 302px; height: 422px; position: absolute;\">\n\t\t\t\t<iframe src=\"https:\/\/www.google.com\/recaptcha\/api\/fallback?k=6LdfQE8UAAAAAA66-h4CIezujfPVSWDl5CQldDwD\" frameborder=\"0\" scrolling=\"no\" style=\"width: 302px; height:422px; border-style: none;\">\n\t\t\t\t<\/iframe>\n\t\t\t<\/div>\n\t\t\t<div style=\"width: 300px; height: 60px; border-style: none; bottom: 12px; left: 25px; margin: 0px; padding: 0px; right: 25px; background: #f9f9f9; border: 1px solid #c1c1c1; border-radius: 3px;\">\n\t\t\t\t<textarea id=\"g-recaptcha-response\" name=\"g-recaptcha-response\" class=\"g-recaptcha-response\" style=\"width: 250px; height: 40px; border: 1px solid #c1c1c1; margin: 10px 25px; padding: 0px; resize: none;\">\n\t\t\t\t<\/textarea>\n\t\t\t<\/div>\n\t\t<\/div>\n\t<\/div>\n<\/noscript>\n<\/div>\n<\/div>\n<\/div>\n<div class=\"wpcf7-response-output wpcf7-display-none\"><\/div><\/form><\/div>[\/vc_column][\/vc_row]<\/p>\n<\/div>","protected":false},"excerpt":{"rendered":"<p>[vc_row][vc_column][vc_column_text] Inscription en ligne Nous sommes l\u00e0 pour vous renseigner, alors n\u2019h\u00e9sitez pas ! \u2013 Vous avez besoin d\u2019un renseignement, vous remplissez le formulaire, nous vous r\u00e9pondrons dans les plus brefs d\u00e9lais. N.B. Fiche \u00e0 remplir soigneusement par l\u2019\u00e9tudiant. Gratuite et sans engagement [\/vc_column_text][\/vc_column][\/vc_row][vc_row content_placement=\u00a0\u00bbmiddle\u00a0\u00bb][vc_column css=\u00a0\u00bb.vc_custom_1522324294682{margin-left: 350px !important;}\u00a0\u00bb][\/vc_column][\/vc_row]<\/p>\n","protected":false},"author":1,"featured_media":0,"parent":0,"menu_order":0,"comment_status":"closed","ping_status":"closed","template":"","meta":{"footnotes":""},"_links":{"self":[{"href":"https:\/\/www.igi.tn\/index.php?rest_route=\/wp\/v2\/pages\/1980"}],"collection":[{"href":"https:\/\/www.igi.tn\/index.php?rest_route=\/wp\/v2\/pages"}],"about":[{"href":"https:\/\/www.igi.tn\/index.php?rest_route=\/wp\/v2\/types\/page"}],"author":[{"embeddable":true,"href":"https:\/\/www.igi.tn\/index.php?rest_route=\/wp\/v2\/users\/1"}],"replies":[{"embeddable":true,"href":"https:\/\/www.igi.tn\/index.php?rest_route=%2Fwp%2Fv2%2Fcomments&post=1980"}],"version-history":[{"count":11,"href":"https:\/\/www.igi.tn\/index.php?rest_route=\/wp\/v2\/pages\/1980\/revisions"}],"predecessor-version":[{"id":2011,"href":"https:\/\/www.igi.tn\/index.php?rest_route=\/wp\/v2\/pages\/1980\/revisions\/2011"}],"wp:attachment":[{"href":"https:\/\/www.igi.tn\/index.php?rest_route=%2Fwp%2Fv2%2Fmedia&parent=1980"}],"curies":[{"name":"wp","href":"https:\/\/api.w.org\/{rel}","templated":true}]}}