{"id":1826,"date":"2018-03-01T16:15:24","date_gmt":"2018-03-01T15:15:24","guid":{"rendered":"http:\/\/localhost\/igi\/?page_id=1826"},"modified":"2018-03-02T12:35:53","modified_gmt":"2018-03-02T11:35:53","slug":"certifications","status":"publish","type":"page","link":"https:\/\/www.igi.tn\/?page_id=1826","title":{"rendered":"CERTIFICATIONS"},"content":{"rendered":"<div class=\"wpb-content-wrapper\"><p>[vc_row][vc_column][vc_column_text]<\/p>\n<h2>Certification informatique<\/h2>\n<p>Face \u00e0 un environnement concurrentiel de plus en plus soutenu, de nombreuses entreprises se distinguent de leurs concurrentes sur leur service client, la gestion de la cha\u00eene d&rsquo;approvisionnement ou le d\u00e9veloppement de produits innovants, autant de services n\u00e9cessitant de tirer le meilleur parti des technologies informatique et de b\u00e9n\u00e9ficier de collaborateurs professionnels et sp\u00e9cialis\u00e9s.<\/p>\n<p>Gr\u00e2ce aux connaissances et \u00e0 l\u2019expertise haut de gamme que leur apportent les formations et les certifications informatique (Cisco, Microsoft, Linux, etc..) assur\u00e9es par le centre de formation des cadres IGI, ces entreprises conservent un avantage comp\u00e9titif ind\u00e9niable, tout en augmentant la qualit\u00e9 de leur service client\u00e8le et la productivit\u00e9 de leur employ\u00e9s pour une meilleure rentabilit\u00e9.<\/p>\n<p>Certifiez vos connaissances , valorisez vos comp\u00e9tences et Boostez votre carri\u00e8re avec le centre de formation IGI.[\/vc_column_text][\/vc_column][\/vc_row][vc_row][vc_column][vc_masonry_grid post_type=\u00a0\u00bbids\u00a0\u00bb style=\u00a0\u00bbload-more\u00a0\u00bb items_per_page=\u00a0\u00bb3&Prime; item=\u00a0\u00bbnone\u00a0\u00bb initial_loading_animation=\u00a0\u00bbnone\u00a0\u00bb btn_color=\u00a0\u00bbdefault\u00a0\u00bb grid_id=\u00a0\u00bbvc_gid:1519990143974-59dc97f0-d48f-8&Prime; include=\u00a0\u00bb1833, 1861, 1867&Prime;][\/vc_column][\/vc_row]<\/p>\n<\/div>","protected":false},"excerpt":{"rendered":"<p>[vc_row][vc_column][vc_column_text] Certification informatique Face \u00e0 un environnement concurrentiel de plus en plus soutenu, de nombreuses entreprises se distinguent de leurs concurrentes sur leur service client, la gestion de la cha\u00eene d&rsquo;approvisionnement ou le d\u00e9veloppement de produits innovants, autant de services n\u00e9cessitant de tirer le meilleur parti des technologies informatique et de b\u00e9n\u00e9ficier de collaborateurs professionnels [&hellip;]<\/p>\n","protected":false},"author":1,"featured_media":0,"parent":0,"menu_order":0,"comment_status":"closed","ping_status":"closed","template":"","meta":{"footnotes":""},"_links":{"self":[{"href":"https:\/\/www.igi.tn\/index.php?rest_route=\/wp\/v2\/pages\/1826"}],"collection":[{"href":"https:\/\/www.igi.tn\/index.php?rest_route=\/wp\/v2\/pages"}],"about":[{"href":"https:\/\/www.igi.tn\/index.php?rest_route=\/wp\/v2\/types\/page"}],"author":[{"embeddable":true,"href":"https:\/\/www.igi.tn\/index.php?rest_route=\/wp\/v2\/users\/1"}],"replies":[{"embeddable":true,"href":"https:\/\/www.igi.tn\/index.php?rest_route=%2Fwp%2Fv2%2Fcomments&post=1826"}],"version-history":[{"count":17,"href":"https:\/\/www.igi.tn\/index.php?rest_route=\/wp\/v2\/pages\/1826\/revisions"}],"predecessor-version":[{"id":1870,"href":"https:\/\/www.igi.tn\/index.php?rest_route=\/wp\/v2\/pages\/1826\/revisions\/1870"}],"wp:attachment":[{"href":"https:\/\/www.igi.tn\/index.php?rest_route=%2Fwp%2Fv2%2Fmedia&parent=1826"}],"curies":[{"name":"wp","href":"https:\/\/api.w.org\/{rel}","templated":true}]}}