{"id":18,"date":"2017-04-24T13:29:19","date_gmt":"2017-04-24T11:29:19","guid":{"rendered":"http:\/\/localhost\/igi\/?page_id=18"},"modified":"2018-03-02T13:04:24","modified_gmt":"2018-03-02T12:04:24","slug":"bts","status":"publish","type":"page","link":"https:\/\/www.igi.tn\/?page_id=18","title":{"rendered":"BTS"},"content":{"rendered":"<div class=\"wpb-content-wrapper\"><p>[vc_row][vc_column width=\u00a0\u00bb3\/4&Prime; el_class=\u00a0\u00bbvc_sidebar_position_right\u00a0\u00bb offset=\u00a0\u00bbvc_col-lg-9 vc_col-md-9 vc_col-sm-12&Prime;][vc_column_text]<\/p>\n<h3 class=\"entry-title\">Qu\u2019est ce qu\u2019un BTS ? (Brevet de Technicien Sup\u00e9rieur) :<\/h3>\n<p>Le BTS, dont la signification est \u201cBrevet de Technicien Sup\u00e9rieur\u201d est un dipl\u00f4me de niveau bac+2. Avec ses cours th\u00e9oriques et pratiques, ses stages professionnalisant, le BTS (Brevet de Technicien Sup\u00e9rieur) ouvre naturellement les portes du march\u00e9 du travail. Diff\u00e9rentes sp\u00e9cialit\u00e9s de BTS vous sont propos\u00e9es, toutes options confondues : de quoi choisir votre futur m\u00e9tier sans trop de difficult\u00e9s !<\/p>\n<p>Il existe deux cat\u00e9gories de programmes pouvant mener \u00e0 un\u00a0BTS :<\/p>\n<ol>\n<li>Avoir un BTP homologu\u00e9 dans le secteur de formation offert<\/li>\n<li>Avoir le niveau baccalaur\u00e9at ou \u00e9quivalent (BTP homologu\u00e9 dans la sp\u00e9cialit\u00e9 choisie)<\/li>\n<\/ol>\n<h3>Conditions d\u2019admission<\/h3>\n<p>Afin d\u2019obtenir son BTS, l\u2019\u00e9tudiant doit compl\u00e9ter toutes les mati\u00e8res du programme choisi avec un seuil de r\u00e9ussite\u00a0de <strong>60 %<\/strong>.<\/p>\n<h3>Session<\/h3>\n<p>Le centre de formation IGI est un \u00e9tablissement de formation professionnelle ouvert toute l&rsquo;ann\u00e9e.<\/p>\n<p>Les programmes durent 2 ann\u00e9es \u00e0 raison de\u00a04 sessions obligatoires :<\/p>\n<ul>\n<li>2\u00a0sessions pour la 1<sup>\u00e8re <\/sup>ann\u00e9e<\/li>\n<li>2 sessions pour la 2<sup>\u00e8me<\/sup>\u00a0ann\u00e9e<\/li>\n<\/ul>\n<p>[\/vc_column_text][\/vc_column][vc_column width=\u00a0\u00bb1\/4&Prime; offset=\u00a0\u00bbvc_hidden-sm vc_hidden-xs\u00a0\u00bb][vc_single_image image=\u00a0\u00bb1663&Prime;][vc_wp_custommenu title=\u00a0\u00bbLes sp\u00e9cialit\u00e9es\u00a0\u00bb nav_menu=\u00a0\u00bb3&Prime; el_id=\u00a0\u00bbBTS-Widget\u00a0\u00bb][vc_widget_sidebar sidebar_id=\u00a0\u00bbdefault\u00a0\u00bb el_class=\u00a0\u00bbsidebar-area-right sidebar-area\u00a0\u00bb][\/vc_column][\/vc_row]<\/p>\n<\/div>","protected":false},"excerpt":{"rendered":"<p>[vc_row][vc_column width=\u00a0\u00bb3\/4&Prime; el_class=\u00a0\u00bbvc_sidebar_position_right\u00a0\u00bb offset=\u00a0\u00bbvc_col-lg-9 vc_col-md-9 vc_col-sm-12&Prime;][vc_column_text] Qu\u2019est ce qu\u2019un BTS ? (Brevet de Technicien Sup\u00e9rieur) : Le BTS, dont la signification est \u201cBrevet de Technicien Sup\u00e9rieur\u201d est un dipl\u00f4me de niveau bac+2. Avec ses cours th\u00e9oriques et pratiques, ses stages professionnalisant, le BTS (Brevet de Technicien Sup\u00e9rieur) ouvre naturellement les portes du march\u00e9 du travail. [&hellip;]<\/p>\n","protected":false},"author":1,"featured_media":1663,"parent":1659,"menu_order":0,"comment_status":"closed","ping_status":"closed","template":"","meta":{"footnotes":""},"_links":{"self":[{"href":"https:\/\/www.igi.tn\/index.php?rest_route=\/wp\/v2\/pages\/18"}],"collection":[{"href":"https:\/\/www.igi.tn\/index.php?rest_route=\/wp\/v2\/pages"}],"about":[{"href":"https:\/\/www.igi.tn\/index.php?rest_route=\/wp\/v2\/types\/page"}],"author":[{"embeddable":true,"href":"https:\/\/www.igi.tn\/index.php?rest_route=\/wp\/v2\/users\/1"}],"replies":[{"embeddable":true,"href":"https:\/\/www.igi.tn\/index.php?rest_route=%2Fwp%2Fv2%2Fcomments&post=18"}],"version-history":[{"count":11,"href":"https:\/\/www.igi.tn\/index.php?rest_route=\/wp\/v2\/pages\/18\/revisions"}],"predecessor-version":[{"id":1760,"href":"https:\/\/www.igi.tn\/index.php?rest_route=\/wp\/v2\/pages\/18\/revisions\/1760"}],"up":[{"embeddable":true,"href":"https:\/\/www.igi.tn\/index.php?rest_route=\/wp\/v2\/pages\/1659"}],"wp:featuredmedia":[{"embeddable":true,"href":"https:\/\/www.igi.tn\/index.php?rest_route=\/wp\/v2\/media\/1663"}],"wp:attachment":[{"href":"https:\/\/www.igi.tn\/index.php?rest_route=%2Fwp%2Fv2%2Fmedia&parent=18"}],"curies":[{"name":"wp","href":"https:\/\/api.w.org\/{rel}","templated":true}]}}