{"id":177,"date":"2017-09-16T14:37:36","date_gmt":"2017-09-16T12:37:36","guid":{"rendered":"http:\/\/localhost\/igi\/?page_id=177"},"modified":"2018-03-31T01:33:45","modified_gmt":"2018-03-30T23:33:45","slug":"allemand","status":"publish","type":"page","link":"https:\/\/www.igi.tn\/?page_id=177","title":{"rendered":"Allemand"},"content":{"rendered":"<div class=\"wpb-content-wrapper\"><p>[vc_row][vc_column width=\u00a0\u00bb3\/4&Prime; el_class=\u00a0\u00bbvc_sidebar_position_right\u00a0\u00bb offset=\u00a0\u00bbvc_col-lg-9 vc_col-md-9 vc_col-sm-12&Prime;][vc_column_text]<\/p>\n<h3>Rejoignez une formation en Allemand !<\/h3>\n<div class=\"description\">\n<p>Langue indo-europ\u00e9enne, l\u2019allemand est parl\u00e9 par plus de 100 millions de locuteurs en Europe. Plusieurs formations proposent \u00e0 leurs \u00e9tudiants de parfaire leur niveau de langue<strong>.<\/strong><\/p>\n<h3 id=\"h2-1\">Pr\u00e9sentation des formations Allemand<\/h3>\n<p>\u00c0 l\u2019heure de la Mondialisation, maitriser une ou plusieurs langues \u00e9trang\u00e8res s&rsquo;av\u00e8re \u00eatre un v\u00e9ritable atout dans le milieu de l&rsquo;entreprise.\u00a0L\u2019allemand est tr\u00e8s pris\u00e9 par les recruteurs. C\u2019est un avantage ind\u00e9niable sur le CV.<\/p>\n<p>Les formations allemand sont id\u00e9ales pour les \u00e9tudiants qui souhaitent parfaire leur niveau ainsi que les professionnels en activit\u00e9.<\/p>\n<p><img loading=\"lazy\" decoding=\"async\" class=\"alignnone size-medium wp-image-2094\" src=\"https:\/\/www.igi.tn\/wp-content\/uploads\/2018\/03\/german-300x169.jpg\" alt=\"\" width=\"300\" height=\"169\" srcset=\"https:\/\/www.igi.tn\/wp-content\/uploads\/2018\/03\/german-300x169.jpg 300w, https:\/\/www.igi.tn\/wp-content\/uploads\/2018\/03\/german-270x153.jpg 270w, https:\/\/www.igi.tn\/wp-content\/uploads\/2018\/03\/german-600x338.jpg 600w, https:\/\/www.igi.tn\/wp-content\/uploads\/2018\/03\/german.jpg 640w\" sizes=\"(max-width: 300px) 100vw, 300px\" \/><\/p>\n<p>Il existe deux sortes de formations en allemand :<\/p>\n<ul>\n<li>les\u00a0<strong>formations dipl\u00f4mantes<\/strong>\u00a0: ces formations sont dispens\u00e9es par des \u00e9coles ou des universit\u00e9s et d\u00e9livrent des dipl\u00f4mes reconnus pour la plupart par l\u2019\u00c9tat, allant du Bac+2 au Bac+6. Il y a \u00e9galement des\u00a0Masters Langues \u00c9trang\u00e8res Appliqu\u00e9es sp\u00e9cialit\u00e9 commerce international, sp\u00e9cialit\u00e9 affaires et n\u00e9gociations internationales, sp\u00e9cialit\u00e9 technologie de la traduction\u2026<\/li>\n<\/ul>\n<ul>\n<li>les\u00a0<strong>formations qualifiantes<\/strong>\u00a0: ces formations ne d\u00e9livrent pas de dipl\u00f4mes, mais sont n\u00e9anmoins reconnues par les employeurs. Elles permettent d\u2019am\u00e9liorer et perfectionner\u00a0significativement le\u00a0niveau de langue\u00a0des \u00e9tudiants et d\u2019axer la formation sur leurs points faibles.<\/li>\n<\/ul>\n<p>De m\u00eame, pour \u00e9valuer son niveau et partir\u00a0\u00e9tudier ou travailler dans un pays germanophone, on retrouve plusieurs tests de niveau de langue tel que le <strong>BULATS<\/strong>.<\/p>\n<p>Selon le type de formation, il est parfois possible de l&rsquo;effectuer en <strong>alternance<\/strong>. Ainsi, les \u00e9tudiants mettent \u00e0 profit leurs nouveaux acquis et sont, au passage, r\u00e9mun\u00e9r\u00e9s.<\/p>\n<h3 id=\"h2-2\">Programme et mati\u00e8res en formation Allemand<\/h3>\n<p>Le programme d&rsquo;enseignement n&rsquo;est pas le m\u00eame en fonction de la formation choisie par l\u2019\u00e9tudiant et de l&rsquo;\u00e9tablissement dans lequel elle a \u00e9t\u00e9 r\u00e9alis\u00e9. N\u00e9anmoins on retrouvera dans chacune d\u2019entre elles des mati\u00e8res communes :<\/p>\n<ul>\n<li>histoire de la langue<\/li>\n<li>grammaire<\/li>\n<li>vocabulaire<\/li>\n<li>pratique orale et \u00e9crite<\/li>\n<\/ul>\n<h3 id=\"h2-3\">Inscription en formation de langue allemande<\/h3>\n<p>Les crit\u00e8res d\u2019admission sont propres \u00e0 chaque \u00e9tablissement et formation. Pour les\u00a0formations dipl\u00f4mantes, l&rsquo;obtention du\u00a0baccalaur\u00e9at\u00a0est n\u00e9cessaire et l\u2019admission se fait g\u00e9n\u00e9ralement sur dossier. Les\u00a0formations qualifiantes\u00a0sont, pour leur part,\u00a0ouvertes \u00e0 tous\u00a0et notamment aux salari\u00e9s.<\/p>\n<\/div>\n<p>[\/vc_column_text][\/vc_column][vc_column width=\u00a0\u00bb1\/4&Prime; offset=\u00a0\u00bbvc_hidden-sm vc_hidden-xs\u00a0\u00bb][vc_single_image image=\u00a0\u00bb2093&Prime;][vc_wp_custommenu nav_menu=\u00a0\u00bb56&Prime;][\/vc_column][\/vc_row]<\/p>\n<\/div>","protected":false},"excerpt":{"rendered":"<p>[vc_row][vc_column width=\u00a0\u00bb3\/4&Prime; el_class=\u00a0\u00bbvc_sidebar_position_right\u00a0\u00bb offset=\u00a0\u00bbvc_col-lg-9 vc_col-md-9 vc_col-sm-12&Prime;][vc_column_text] Rejoignez une formation en Allemand ! Langue indo-europ\u00e9enne, l\u2019allemand est parl\u00e9 par plus de 100 millions de locuteurs en Europe. Plusieurs formations proposent \u00e0 leurs \u00e9tudiants de parfaire leur niveau de langue. Pr\u00e9sentation des formations Allemand \u00c0 l\u2019heure de la Mondialisation, maitriser une ou plusieurs langues \u00e9trang\u00e8res s&rsquo;av\u00e8re \u00eatre [&hellip;]<\/p>\n","protected":false},"author":1,"featured_media":0,"parent":160,"menu_order":0,"comment_status":"closed","ping_status":"closed","template":"","meta":{"footnotes":""},"_links":{"self":[{"href":"https:\/\/www.igi.tn\/index.php?rest_route=\/wp\/v2\/pages\/177"}],"collection":[{"href":"https:\/\/www.igi.tn\/index.php?rest_route=\/wp\/v2\/pages"}],"about":[{"href":"https:\/\/www.igi.tn\/index.php?rest_route=\/wp\/v2\/types\/page"}],"author":[{"embeddable":true,"href":"https:\/\/www.igi.tn\/index.php?rest_route=\/wp\/v2\/users\/1"}],"replies":[{"embeddable":true,"href":"https:\/\/www.igi.tn\/index.php?rest_route=%2Fwp%2Fv2%2Fcomments&post=177"}],"version-history":[{"count":3,"href":"https:\/\/www.igi.tn\/index.php?rest_route=\/wp\/v2\/pages\/177\/revisions"}],"predecessor-version":[{"id":2096,"href":"https:\/\/www.igi.tn\/index.php?rest_route=\/wp\/v2\/pages\/177\/revisions\/2096"}],"up":[{"embeddable":true,"href":"https:\/\/www.igi.tn\/index.php?rest_route=\/wp\/v2\/pages\/160"}],"wp:attachment":[{"href":"https:\/\/www.igi.tn\/index.php?rest_route=%2Fwp%2Fv2%2Fmedia&parent=177"}],"curies":[{"name":"wp","href":"https:\/\/api.w.org\/{rel}","templated":true}]}}