{"id":175,"date":"2017-09-16T14:37:16","date_gmt":"2017-09-16T12:37:16","guid":{"rendered":"http:\/\/localhost\/igi\/?page_id=175"},"modified":"2018-03-31T01:47:36","modified_gmt":"2018-03-30T23:47:36","slug":"francais","status":"publish","type":"page","link":"https:\/\/www.igi.tn\/?page_id=175","title":{"rendered":"Fran\u00e7ais"},"content":{"rendered":"<div class=\"wpb-content-wrapper\"><p>[vc_row][vc_column width=\u00a0\u00bb3\/4&Prime; el_class=\u00a0\u00bbvc_sidebar_position_right\u00a0\u00bb offset=\u00a0\u00bbvc_col-lg-9 vc_col-md-9 vc_col-sm-12&Prime;][vc_column_text]le Centre de formation IGI propose 2 ateliers de formations destin\u00e9s aux adultes et \u00e9tudiants :<\/p>\n<p><strong>\u2022 Atelier 1 : Apprendre le fran\u00e7ais autrement<\/strong><br \/>\nVous souhaitez am\u00e9liorer votre niveau de communication orale et vaincre votre trac ?<br \/>\nLe Centre de langue vous propose une m\u00e9thode d\u2019apprentissage cr\u00e9ative et ludique, dans un environnement artistique : l\u2019atelier th\u00e9\u00e2tre.<\/p>\n<p>Objectif de l\u2019atelier :<br \/>\n&#8211; D\u00e9couvrir le th\u00e9\u00e2tre fran\u00e7ais pour d\u00e9passer sa peur de parler ;<br \/>\n&#8211; D\u00e9couvrir et s\u2019impr\u00e9gner de la culture fran\u00e7aise ;<br \/>\n&#8211; D\u00e9velopper des comp\u00e9tences orales en fran\u00e7ais.<\/p>\n<p>Programme :<br \/>\n&#8211; Exercices d\u2019improvisation, sketches, monologues, dialogues ;<br \/>\n&#8211; D\u00e9veloppement de la spontan\u00e9it\u00e9 de la parole, de la prononciation, de l\u2019accent.<br \/>\nUne \u00ab\u00a0standing ovation\u00a0\u00bb \u00e0 la fin de l\u2019atelier :<br \/>\nRepr\u00e9sentation finale \u00e0 la fin de l\u2019atelier \u00e0 l&rsquo;auditorium de l&rsquo;Institut fran\u00e7ais de Tunisie.<br \/>\nApr\u00e8s la d\u00e9couverte d\u2019un auteur et des techniques de mise en sc\u00e8ne : place aux applaudissements !<\/p>\n<p><strong>\u2022 Atelier 2 : Communication professionnelle<\/strong><br \/>\nVous avez besoin d\u2019am\u00e9liorer votre niveau de fran\u00e7ais pour votre travail ou votre recherche d\u2019emploi ?<br \/>\nLe Centre de langue vous propose des cours de communication professionnelle.<\/p>\n<p>Programme :<br \/>\n&#8211; \u00c9crits professionnels (r\u00e9daction de mails, compte- rendus, CV, lettre formelle) ;<br \/>\n&#8211; Expression orale (les pr\u00e9sentations, la prise de parole en public, l\u2019entretien)<\/p>\n<p><img loading=\"lazy\" decoding=\"async\" class=\"alignnone size-medium wp-image-2103\" src=\"https:\/\/www.igi.tn\/wp-content\/uploads\/2018\/03\/How-to-Learn-French-751x500-300x200.jpg\" alt=\"\" width=\"300\" height=\"200\" srcset=\"https:\/\/www.igi.tn\/wp-content\/uploads\/2018\/03\/How-to-Learn-French-751x500-300x200.jpg 300w, https:\/\/www.igi.tn\/wp-content\/uploads\/2018\/03\/How-to-Learn-French-751x500.jpg 751w, https:\/\/www.igi.tn\/wp-content\/uploads\/2018\/03\/How-to-Learn-French-751x500-270x180.jpg 270w, https:\/\/www.igi.tn\/wp-content\/uploads\/2018\/03\/How-to-Learn-French-751x500-600x399.jpg 600w\" sizes=\"(max-width: 300px) 100vw, 300px\" \/>[\/vc_column_text][\/vc_column][vc_column width=\u00a0\u00bb1\/4&Prime; offset=\u00a0\u00bbvc_hidden-sm vc_hidden-xs\u00a0\u00bb][vc_single_image image=\u00a0\u00bb2101&Prime;][vc_wp_custommenu nav_menu=\u00a0\u00bb56&Prime;][\/vc_column][\/vc_row]<\/p>\n<\/div>","protected":false},"excerpt":{"rendered":"<p>[vc_row][vc_column width=\u00a0\u00bb3\/4&Prime; el_class=\u00a0\u00bbvc_sidebar_position_right\u00a0\u00bb offset=\u00a0\u00bbvc_col-lg-9 vc_col-md-9 vc_col-sm-12&Prime;][vc_column_text]le Centre de formation IGI propose 2 ateliers de formations destin\u00e9s aux adultes et \u00e9tudiants : \u2022 Atelier 1 : Apprendre le fran\u00e7ais autrement Vous souhaitez am\u00e9liorer votre niveau de communication orale et vaincre votre trac ? Le Centre de langue vous propose une m\u00e9thode d\u2019apprentissage cr\u00e9ative et ludique, dans [&hellip;]<\/p>\n","protected":false},"author":1,"featured_media":0,"parent":160,"menu_order":0,"comment_status":"closed","ping_status":"closed","template":"","meta":{"footnotes":""},"_links":{"self":[{"href":"https:\/\/www.igi.tn\/index.php?rest_route=\/wp\/v2\/pages\/175"}],"collection":[{"href":"https:\/\/www.igi.tn\/index.php?rest_route=\/wp\/v2\/pages"}],"about":[{"href":"https:\/\/www.igi.tn\/index.php?rest_route=\/wp\/v2\/types\/page"}],"author":[{"embeddable":true,"href":"https:\/\/www.igi.tn\/index.php?rest_route=\/wp\/v2\/users\/1"}],"replies":[{"embeddable":true,"href":"https:\/\/www.igi.tn\/index.php?rest_route=%2Fwp%2Fv2%2Fcomments&post=175"}],"version-history":[{"count":3,"href":"https:\/\/www.igi.tn\/index.php?rest_route=\/wp\/v2\/pages\/175\/revisions"}],"predecessor-version":[{"id":2104,"href":"https:\/\/www.igi.tn\/index.php?rest_route=\/wp\/v2\/pages\/175\/revisions\/2104"}],"up":[{"embeddable":true,"href":"https:\/\/www.igi.tn\/index.php?rest_route=\/wp\/v2\/pages\/160"}],"wp:attachment":[{"href":"https:\/\/www.igi.tn\/index.php?rest_route=%2Fwp%2Fv2%2Fmedia&parent=175"}],"curies":[{"name":"wp","href":"https:\/\/api.w.org\/{rel}","templated":true}]}}