{"id":173,"date":"2017-09-16T14:36:47","date_gmt":"2017-09-16T12:36:47","guid":{"rendered":"http:\/\/localhost\/igi\/?page_id=173"},"modified":"2018-03-31T01:37:55","modified_gmt":"2018-03-30T23:37:55","slug":"anglais","status":"publish","type":"page","link":"https:\/\/www.igi.tn\/?page_id=173","title":{"rendered":"Anglais"},"content":{"rendered":"<div class=\"wpb-content-wrapper\"><p>[vc_row][vc_column width=\u00a0\u00bb3\/4&Prime; el_class=\u00a0\u00bbvc_sidebar_position_right\u00a0\u00bb offset=\u00a0\u00bbvc_col-lg-9 vc_col-md-9 vc_col-sm-12&Prime;][vc_column_text]<\/p>\n<h3>Descriptif de la formation:<\/h3>\n<p>Vous avez une urgence en anglais ? Vous devez partir \u00e0 l\u2019\u00e9tranger, trouver un travail, pr\u00e9parer un examen, ou encore saisir une opportunit\u00e9 professionnelle ?<\/p>\n<p><img loading=\"lazy\" decoding=\"async\" class=\"size-medium wp-image-2098 alignleft\" src=\"https:\/\/www.igi.tn\/wp-content\/uploads\/2018\/03\/30560040-transparent-ball-with-inscription-learn-english-in-a-hand-450x270-300x180.jpg\" alt=\"\" width=\"300\" height=\"180\" srcset=\"https:\/\/www.igi.tn\/wp-content\/uploads\/2018\/03\/30560040-transparent-ball-with-inscription-learn-english-in-a-hand-450x270-300x180.jpg 300w, https:\/\/www.igi.tn\/wp-content\/uploads\/2018\/03\/30560040-transparent-ball-with-inscription-learn-english-in-a-hand-450x270.jpg 450w\" sizes=\"(max-width: 300px) 100vw, 300px\" \/><\/p>\n<p>Notre formation intensive en anglais WSE New Student Method est la formation d\u2019apprentissage de l\u2019anglais qu\u2019il vous faut pour am\u00e9liorer votre anglais rapidement quel que soit votre niveau actuel (de d\u00e9butant \u00e0 confirm\u00e9) en suivant un rythme hebdomadaire soutenu (jusqu\u2019\u00e0 7h par semaine).<\/p>\n<p>Pourquoi notre formation d\u2019anglais intensif vous garantit une progression rapide ? La r\u00e9ussite de notre m\u00e9thode d&rsquo;anglais repose sur un constat : quelle que soit votre langue maternelle, vous l\u2019avez apprise de la m\u00eame mani\u00e8re :<\/p>\n<p>Tout d\u2019abord en \u00e9coutant, r\u00e9p\u00e9tant puis pratiquant, si bien que vous saviez d\u00e9j\u00e0 parler avant d\u2019aller \u00e0 l\u2019\u00e9cole.<br \/>\nPuis, une fois les sonorit\u00e9s acquises, en \u00e9tudiant la grammaire.<\/p>\n<p>Apprendre l\u2019anglais comme sa langue maternelle, c\u2019est la garantie de progresser efficacement. Pour preuve, notre m\u00e9thode, qui s\u2019organise autour de la pratique orale et qui suit le processus d\u2019apprentissage naturel d\u2019une langue permet d\u2019apprendre 2,5 fois plus rapidement qu\u2019une m\u00e9thode classique.[\/vc_column_text][\/vc_column][vc_column width=\u00a0\u00bb1\/4&Prime; offset=\u00a0\u00bbvc_hidden-sm vc_hidden-xs\u00a0\u00bb][vc_single_image image=\u00a0\u00bb2097&Prime;][vc_wp_custommenu nav_menu=\u00a0\u00bb56&Prime;][\/vc_column][\/vc_row]<\/p>\n<\/div>","protected":false},"excerpt":{"rendered":"<p>[vc_row][vc_column width=\u00a0\u00bb3\/4&Prime; el_class=\u00a0\u00bbvc_sidebar_position_right\u00a0\u00bb offset=\u00a0\u00bbvc_col-lg-9 vc_col-md-9 vc_col-sm-12&Prime;][vc_column_text] Descriptif de la formation: Vous avez une urgence en anglais ? Vous devez partir \u00e0 l\u2019\u00e9tranger, trouver un travail, pr\u00e9parer un examen, ou encore saisir une opportunit\u00e9 professionnelle ? Notre formation intensive en anglais WSE New Student Method est la formation d\u2019apprentissage de l\u2019anglais qu\u2019il vous faut pour am\u00e9liorer [&hellip;]<\/p>\n","protected":false},"author":1,"featured_media":0,"parent":160,"menu_order":0,"comment_status":"closed","ping_status":"closed","template":"","meta":{"footnotes":""},"_links":{"self":[{"href":"https:\/\/www.igi.tn\/index.php?rest_route=\/wp\/v2\/pages\/173"}],"collection":[{"href":"https:\/\/www.igi.tn\/index.php?rest_route=\/wp\/v2\/pages"}],"about":[{"href":"https:\/\/www.igi.tn\/index.php?rest_route=\/wp\/v2\/types\/page"}],"author":[{"embeddable":true,"href":"https:\/\/www.igi.tn\/index.php?rest_route=\/wp\/v2\/users\/1"}],"replies":[{"embeddable":true,"href":"https:\/\/www.igi.tn\/index.php?rest_route=%2Fwp%2Fv2%2Fcomments&post=173"}],"version-history":[{"count":5,"href":"https:\/\/www.igi.tn\/index.php?rest_route=\/wp\/v2\/pages\/173\/revisions"}],"predecessor-version":[{"id":2100,"href":"https:\/\/www.igi.tn\/index.php?rest_route=\/wp\/v2\/pages\/173\/revisions\/2100"}],"up":[{"embeddable":true,"href":"https:\/\/www.igi.tn\/index.php?rest_route=\/wp\/v2\/pages\/160"}],"wp:attachment":[{"href":"https:\/\/www.igi.tn\/index.php?rest_route=%2Fwp%2Fv2%2Fmedia&parent=173"}],"curies":[{"name":"wp","href":"https:\/\/api.w.org\/{rel}","templated":true}]}}