{"id":165,"date":"2017-09-16T14:28:46","date_gmt":"2017-09-16T12:28:46","guid":{"rendered":"http:\/\/localhost\/igi\/?page_id=165"},"modified":"2018-03-31T01:11:50","modified_gmt":"2018-03-30T23:11:50","slug":"technique-en-bureautique","status":"publish","type":"page","link":"https:\/\/www.igi.tn\/?page_id=165","title":{"rendered":"Technique en bureautique"},"content":{"rendered":"<div class=\"wpb-content-wrapper\"><p>[vc_row][vc_column width=\u00a0\u00bb3\/4&Prime; el_class=\u00a0\u00bbvc_sidebar_position_right\u00a0\u00bb offset=\u00a0\u00bbvc_col-lg-9 vc_col-md-9 vc_col-sm-12&Prime;][vc_column_text]Une connaissance de la bureautique est la base de toute utilisation de l&rsquo;ordinateur. Elle est la pierre angulaire d&rsquo;une ressource humaine efficace dans ses t\u00e2ches les plus \u00e9l\u00e9mentaires.<\/p>\n<h3><img loading=\"lazy\" decoding=\"async\" class=\"alignnone size-medium wp-image-2090\" src=\"https:\/\/www.igi.tn\/wp-content\/uploads\/2018\/03\/max_msoffice_5a842c07d1430-300x160.png\" alt=\"\" width=\"300\" height=\"160\" srcset=\"https:\/\/www.igi.tn\/wp-content\/uploads\/2018\/03\/max_msoffice_5a842c07d1430-300x160.png 300w, https:\/\/www.igi.tn\/wp-content\/uploads\/2018\/03\/max_msoffice_5a842c07d1430-600x319.png 600w, https:\/\/www.igi.tn\/wp-content\/uploads\/2018\/03\/max_msoffice_5a842c07d1430.png 620w\" sizes=\"(max-width: 300px) 100vw, 300px\" \/><\/h3>\n<h3>L&rsquo;utilisation de la bureautique : un facteur d&rsquo;optimisation du temps de travail<\/h3>\n<p>Force est de constater que l&rsquo;utilisation de ces outils de base ne rime pas forc\u00e9ment avec la parfaite ma\u00eetrise de l&rsquo;ensemble des fonctionnalit\u00e9s, par ces m\u00eames utilisateurs. Or, ces fonctionnalit\u00e9s permettent souvent d&rsquo;optimiser le temps de travail et de r\u00e9duire la monotonie de certaines t\u00e2ches r\u00e9p\u00e9titives, am\u00e9liorant ainsi la qualit\u00e9 de vie des salari\u00e9s et le rendement du travail r\u00e9alis\u00e9 pour l&#8217;employeur.<\/p>\n<h3>Nos solutions de formation en bureautique<\/h3>\n<p>Nos formations en bureautique sont con\u00e7ues pour enseigner les choses les plus importantes pour l&rsquo;utilisateur, sans basculer dans le superflu. Elles sont aussi bien destin\u00e9es aux salari\u00e9s qu&rsquo;aux personnes \u00e0 la recherche d&rsquo;un emploi souhaitant rendre leurs CV plus attractifs.[\/vc_column_text][\/vc_column][vc_column width=\u00a0\u00bb1\/4&Prime; offset=\u00a0\u00bbvc_hidden-sm vc_hidden-xs\u00a0\u00bb][vc_widget_sidebar sidebar_id=\u00a0\u00bbdefault\u00a0\u00bb el_class=\u00a0\u00bbsidebar-area-right sidebar-area\u00a0\u00bb][vc_single_image image=\u00a0\u00bb2091&Prime;][vc_wp_custommenu nav_menu=\u00a0\u00bb56&Prime;][\/vc_column][\/vc_row]<\/p>\n<\/div>","protected":false},"excerpt":{"rendered":"<p>[vc_row][vc_column width=\u00a0\u00bb3\/4&Prime; el_class=\u00a0\u00bbvc_sidebar_position_right\u00a0\u00bb offset=\u00a0\u00bbvc_col-lg-9 vc_col-md-9 vc_col-sm-12&Prime;][vc_column_text]Une connaissance de la bureautique est la base de toute utilisation de l&rsquo;ordinateur. Elle est la pierre angulaire d&rsquo;une ressource humaine efficace dans ses t\u00e2ches les plus \u00e9l\u00e9mentaires. L&rsquo;utilisation de la bureautique : un facteur d&rsquo;optimisation du temps de travail Force est de constater que l&rsquo;utilisation de ces outils de [&hellip;]<\/p>\n","protected":false},"author":1,"featured_media":0,"parent":160,"menu_order":0,"comment_status":"closed","ping_status":"closed","template":"","meta":{"footnotes":""},"_links":{"self":[{"href":"https:\/\/www.igi.tn\/index.php?rest_route=\/wp\/v2\/pages\/165"}],"collection":[{"href":"https:\/\/www.igi.tn\/index.php?rest_route=\/wp\/v2\/pages"}],"about":[{"href":"https:\/\/www.igi.tn\/index.php?rest_route=\/wp\/v2\/types\/page"}],"author":[{"embeddable":true,"href":"https:\/\/www.igi.tn\/index.php?rest_route=\/wp\/v2\/users\/1"}],"replies":[{"embeddable":true,"href":"https:\/\/www.igi.tn\/index.php?rest_route=%2Fwp%2Fv2%2Fcomments&post=165"}],"version-history":[{"count":5,"href":"https:\/\/www.igi.tn\/index.php?rest_route=\/wp\/v2\/pages\/165\/revisions"}],"predecessor-version":[{"id":2092,"href":"https:\/\/www.igi.tn\/index.php?rest_route=\/wp\/v2\/pages\/165\/revisions\/2092"}],"up":[{"embeddable":true,"href":"https:\/\/www.igi.tn\/index.php?rest_route=\/wp\/v2\/pages\/160"}],"wp:attachment":[{"href":"https:\/\/www.igi.tn\/index.php?rest_route=%2Fwp%2Fv2%2Fmedia&parent=165"}],"curies":[{"name":"wp","href":"https:\/\/api.w.org\/{rel}","templated":true}]}}