{"id":160,"date":"2017-09-16T14:17:01","date_gmt":"2017-09-16T12:17:01","guid":{"rendered":"http:\/\/localhost\/igi\/?page_id=160"},"modified":"2020-05-10T12:21:59","modified_gmt":"2020-05-10T10:21:59","slug":"formation-continue","status":"publish","type":"page","link":"https:\/\/www.igi.tn\/?page_id=160","title":{"rendered":"Formation Continue"},"content":{"rendered":"<div class=\"wpb-content-wrapper\"><p>[vc_row][vc_column width=\u00a0\u00bb3\/4&Prime; el_class=\u00a0\u00bbvc_sidebar_position_right\u00a0\u00bb offset=\u00a0\u00bbvc_col-lg-9 vc_col-md-9 vc_col-sm-12&Prime;][vc_column_text]<\/p>\n<h3>Reprendre ses \u00e9tudes<\/h3>\n<p><strong>La formation continue s&rsquo;adresse \u00e0 toute personne d\u00e9j\u00e0 engag\u00e9e dans la vie active, d\u00e9sireuse de reprendre ses \u00e9tudes et compl\u00e9ter ainsi sa formation, ainsi qu&rsquo;\u00e0 tout \u00e9tudiant souhaitant suivre une formation en alternance.<br \/>\n<\/strong><\/p>\n<p>Elle est accessible \u00e0 notre centre de formation IGI et elle vous permet de s&rsquo;adapter aux \u00e9volutions des techniques et aux conditions de travail.<\/p>\n<h3 class=\"intertitre\">Se former tout au long de la vie<\/h3>\n<p>La formation continue constitue un moyen d\u2019am\u00e9lioration ou d\u2019acquisition des connaissances, du savoir-faire, de la culture et des comp\u00e9tences personnelles et professionnelles au-del\u00e0 de la formation initiale.<\/p>\n<p>Les dispositifs de la formation continue permettent \u00e0 chacun d&rsquo;acqu\u00e9rir une qualification et d&rsquo;y d\u00e9velopper des comp\u00e9tences.[\/vc_column_text][\/vc_column][vc_column width=\u00a0\u00bb1\/4&Prime; offset=\u00a0\u00bbvc_hidden-sm vc_hidden-xs\u00a0\u00bb][vc_single_image image=\u00a0\u00bb1679&Prime;][vc_wp_custommenu nav_menu=\u00a0\u00bb56&Prime; title=\u00a0\u00bbLes sp\u00e9cialit\u00e9es\u00a0\u00bb][vc_widget_sidebar sidebar_id=\u00a0\u00bbdefault\u00a0\u00bb el_class=\u00a0\u00bbsidebar-area-right sidebar-area\u00a0\u00bb][\/vc_column][\/vc_row]<\/p>\n<\/div>","protected":false},"excerpt":{"rendered":"<p>[vc_row][vc_column width=\u00a0\u00bb3\/4&Prime; el_class=\u00a0\u00bbvc_sidebar_position_right\u00a0\u00bb offset=\u00a0\u00bbvc_col-lg-9 vc_col-md-9 vc_col-sm-12&Prime;][vc_column_text] Reprendre ses \u00e9tudes La formation continue s&rsquo;adresse \u00e0 toute personne d\u00e9j\u00e0 engag\u00e9e dans la vie active, d\u00e9sireuse de reprendre ses \u00e9tudes et compl\u00e9ter ainsi sa formation, ainsi qu&rsquo;\u00e0 tout \u00e9tudiant souhaitant suivre une formation en alternance. Elle est accessible \u00e0 notre centre de formation IGI et elle vous permet [&hellip;]<\/p>\n","protected":false},"author":1,"featured_media":1679,"parent":1659,"menu_order":0,"comment_status":"closed","ping_status":"closed","template":"","meta":{"footnotes":""},"_links":{"self":[{"href":"https:\/\/www.igi.tn\/index.php?rest_route=\/wp\/v2\/pages\/160"}],"collection":[{"href":"https:\/\/www.igi.tn\/index.php?rest_route=\/wp\/v2\/pages"}],"about":[{"href":"https:\/\/www.igi.tn\/index.php?rest_route=\/wp\/v2\/types\/page"}],"author":[{"embeddable":true,"href":"https:\/\/www.igi.tn\/index.php?rest_route=\/wp\/v2\/users\/1"}],"replies":[{"embeddable":true,"href":"https:\/\/www.igi.tn\/index.php?rest_route=%2Fwp%2Fv2%2Fcomments&post=160"}],"version-history":[{"count":7,"href":"https:\/\/www.igi.tn\/index.php?rest_route=\/wp\/v2\/pages\/160\/revisions"}],"predecessor-version":[{"id":2254,"href":"https:\/\/www.igi.tn\/index.php?rest_route=\/wp\/v2\/pages\/160\/revisions\/2254"}],"up":[{"embeddable":true,"href":"https:\/\/www.igi.tn\/index.php?rest_route=\/wp\/v2\/pages\/1659"}],"wp:featuredmedia":[{"embeddable":true,"href":"https:\/\/www.igi.tn\/index.php?rest_route=\/wp\/v2\/media\/1679"}],"wp:attachment":[{"href":"https:\/\/www.igi.tn\/index.php?rest_route=%2Fwp%2Fv2%2Fmedia&parent=160"}],"curies":[{"name":"wp","href":"https:\/\/api.w.org\/{rel}","templated":true}]}}