{"id":156,"date":"2017-09-16T13:49:57","date_gmt":"2017-09-16T11:49:57","guid":{"rendered":"http:\/\/localhost\/igi\/?page_id=156"},"modified":"2018-03-30T23:59:08","modified_gmt":"2018-03-30T21:59:08","slug":"assistante-de-direction","status":"publish","type":"page","link":"https:\/\/www.igi.tn\/?page_id=156","title":{"rendered":"Assistant(e) de direction"},"content":{"rendered":"<div class=\"wpb-content-wrapper\"><p>[vc_row][vc_column width=\u00a0\u00bb3\/4&Prime; el_class=\u00a0\u00bbvc_sidebar_position_right\u00a0\u00bb offset=\u00a0\u00bbvc_col-lg-9 vc_col-md-9 vc_col-sm-12&Prime;][vc_column_text]<\/p>\n<h3><strong>Description:<br \/>\n<\/strong><\/h3>\n<p>Le technicien en Assistant de direction sera capable de classer documents, g\u00e9rer les t\u00e2ches au quotidien (courrier, r\u00e9clamation, accueil, information, r\u00e9union,) et g\u00e9rer le planning du direction.<\/p>\n<h3>Profil de la formation BTS Assistant(e) de Direction<\/h3>\n<p>Notre formation solide ax\u00e9 sur\u00a0 la gestion administrative et la communication, permet au titulaire d&rsquo;un BTS Assistante de direction de prendre en charge des missions vari\u00e9es telles que: organisation des Rendez-vous et des r\u00e9unions, accueil des visiteurs, r\u00e9daction des comptes rendus, gestion agenda, planifier des d\u00e9placements, coordonner avec les clients, les fournisseurs, le personnel&#8230;<\/p>\n<h3><img loading=\"lazy\" decoding=\"async\" class=\"alignnone size-medium wp-image-2056\" src=\"https:\/\/www.igi.tn\/wp-content\/uploads\/2018\/03\/compress_actuality_teaser_1481198889-1-1024x509-300x149.jpg\" alt=\"\" width=\"300\" height=\"149\" srcset=\"https:\/\/www.igi.tn\/wp-content\/uploads\/2018\/03\/compress_actuality_teaser_1481198889-1-1024x509-300x149.jpg 300w, https:\/\/www.igi.tn\/wp-content\/uploads\/2018\/03\/compress_actuality_teaser_1481198889-1-1024x509-768x382.jpg 768w, https:\/\/www.igi.tn\/wp-content\/uploads\/2018\/03\/compress_actuality_teaser_1481198889-1-1024x509.jpg 1024w, https:\/\/www.igi.tn\/wp-content\/uploads\/2018\/03\/compress_actuality_teaser_1481198889-1-1024x509-600x298.jpg 600w\" sizes=\"(max-width: 300px) 100vw, 300px\" \/><\/h3>\n<h3>Conditions d\u2019admission<\/h3>\n<ul>\n<li>\u00catre titulaire du Baccalaur\u00e9at ou \u00e9quivalent de 13 ans d\u2019\u00e9tudes r\u00e9ussis.<\/li>\n<\/ul>\n<h3>Conditions de r\u00e9ussite<\/h3>\n<ul>\n<li>Avoir une moyenne g\u00e9n\u00e9rale de contr\u00f4le des connaissances sup\u00e9rieure ou \u00e9gale \u00e0 10\/20<\/li>\n<li>Avoir une note de m\u00e9moire ou de stages sup\u00e9rieurs ou \u00e9gale \u00e0 10\/20.<\/li>\n<\/ul>\n<p>Avoir une note sup\u00e9rieure ou \u00e9gale \u00e0 10\/20 dans les travaux de recherche bibliographique.<\/p>\n<p>Dur\u00e9e de la formation<\/p>\n<p>2 ans<\/p>\n<p><strong>Programme de formation (Programme provisoire : le nombre de modules , le choix de mati\u00e8res et les intitul\u00e9s de modules peuvent changer d\u2019une ann\u00e9e \u00e0 l\u2019autre)<\/strong>[\/vc_column_text][\/vc_column][vc_column width=\u00a0\u00bb1\/4&Prime; offset=\u00a0\u00bbvc_hidden-sm vc_hidden-xs\u00a0\u00bb][vc_empty_space][vc_single_image image=\u00a0\u00bb2056&Prime;][vc_wp_custommenu nav_menu=\u00a0\u00bb3&Prime;][\/vc_column][\/vc_row]<\/p>\n<\/div>","protected":false},"excerpt":{"rendered":"<p>[vc_row][vc_column width=\u00a0\u00bb3\/4&Prime; el_class=\u00a0\u00bbvc_sidebar_position_right\u00a0\u00bb offset=\u00a0\u00bbvc_col-lg-9 vc_col-md-9 vc_col-sm-12&Prime;][vc_column_text] Description: Le technicien en Assistant de direction sera capable de classer documents, g\u00e9rer les t\u00e2ches au quotidien (courrier, r\u00e9clamation, accueil, information, r\u00e9union,) et g\u00e9rer le planning du direction. Profil de la formation BTS Assistant(e) de Direction Notre formation solide ax\u00e9 sur\u00a0 la gestion administrative et la communication, permet au [&hellip;]<\/p>\n","protected":false},"author":1,"featured_media":0,"parent":18,"menu_order":0,"comment_status":"closed","ping_status":"closed","template":"","meta":{"footnotes":""},"_links":{"self":[{"href":"https:\/\/www.igi.tn\/index.php?rest_route=\/wp\/v2\/pages\/156"}],"collection":[{"href":"https:\/\/www.igi.tn\/index.php?rest_route=\/wp\/v2\/pages"}],"about":[{"href":"https:\/\/www.igi.tn\/index.php?rest_route=\/wp\/v2\/types\/page"}],"author":[{"embeddable":true,"href":"https:\/\/www.igi.tn\/index.php?rest_route=\/wp\/v2\/users\/1"}],"replies":[{"embeddable":true,"href":"https:\/\/www.igi.tn\/index.php?rest_route=%2Fwp%2Fv2%2Fcomments&post=156"}],"version-history":[{"count":8,"href":"https:\/\/www.igi.tn\/index.php?rest_route=\/wp\/v2\/pages\/156\/revisions"}],"predecessor-version":[{"id":2058,"href":"https:\/\/www.igi.tn\/index.php?rest_route=\/wp\/v2\/pages\/156\/revisions\/2058"}],"up":[{"embeddable":true,"href":"https:\/\/www.igi.tn\/index.php?rest_route=\/wp\/v2\/pages\/18"}],"wp:attachment":[{"href":"https:\/\/www.igi.tn\/index.php?rest_route=%2Fwp%2Fv2%2Fmedia&parent=156"}],"curies":[{"name":"wp","href":"https:\/\/api.w.org\/{rel}","templated":true}]}}