{"id":1527,"date":"2015-05-20T11:45:57","date_gmt":"2015-05-20T11:45:57","guid":{"rendered":"http:\/\/masterstudy.stylemixthemes.com\/demo\/?page_id=8"},"modified":"2026-02-09T15:49:49","modified_gmt":"2026-02-09T14:49:49","slug":"front-page","status":"publish","type":"page","link":"https:\/\/www.igi.tn\/","title":{"rendered":"Front Page"},"content":{"rendered":"<div class=\"wpb-content-wrapper\"><p>[vc_row full_width=\u00a0\u00bbstretch_row_content_no_spaces\u00a0\u00bb css=\u00a0\u00bb.vc_custom_1432531325225{margin-bottom: 0px !important;}\u00a0\u00bb][vc_column][rev_slider_vc alias=\u00a0\u00bbhome_slider\u00a0\u00bb][\/vc_column][\/vc_row][vc_row full_width=\u00a0\u00bbstretch_row\u00a0\u00bb css=\u00a0\u00bb.vc_custom_1436163428614{margin-top: 0px !important;margin-right: 0px !important;margin-bottom: 28px !important;margin-left: 0px !important;}\u00a0\u00bb el_class=\u00a0\u00bboverflowed_content\u00a0\u00bb][vc_column width=\u00a0\u00bb1\/4&Prime; css=\u00a0\u00bb.vc_custom_1434610589736{margin-top: -148px !important;padding-right: 0px !important;padding-left: 0px !important;}\u00a0\u00bb][stm_icon_box icon=\u00a0\u00bbfa-icon-stm_icon_graduation-hat\u00a0\u00bb icon_size=\u00a0\u00bb73&Prime; icon_height=\u00a0\u00bb68&Prime; icon_color=\u00a0\u00bb#ffffff\u00a0\u00bb hover_pos=\u00a0\u00bbnone\u00a0\u00bb title=\u00a0\u00bbFORMATIONS\u00a0\u00bb box_bg_color=\u00a0\u00bb#10c45c\u00a0\u00bb box_text_color=\u00a0\u00bb#ffffff\u00a0\u00bb css=\u00a0\u00bb.vc_custom_1549708640738{padding-top: 30px !important;padding-right: 32px !important;padding-bottom: 50px !important;padding-left: 32px !important;}\u00a0\u00bb link=\u00a0\u00bburl:https%3A%2F%2Fwww.igi.tn%2F%3Fpage_id%3D1659|||\u00a0\u00bb]Profitez de notre programme de formation\u00a0professionnelle BTS, BTP et Continue assur\u00e9e par des formateurs qualifi\u00e9s.[\/stm_icon_box][\/vc_column][vc_column width=\u00a0\u00bb1\/4&Prime; css=\u00a0\u00bb.vc_custom_1434610598979{margin-top: -148px !important;padding-right: 0px !important;padding-left: 0px !important;}\u00a0\u00bb][stm_icon_box icon=\u00a0\u00bbfa-icon-stm_icon_license\u00a0\u00bb icon_size=\u00a0\u00bb61&Prime; icon_height=\u00a0\u00bb69&Prime; icon_color=\u00a0\u00bb#ffffff\u00a0\u00bb hover_pos=\u00a0\u00bbnone\u00a0\u00bb title=\u00a0\u00bbCERTIFICATIONS\u00a0\u00bb box_bg_color=\u00a0\u00bb#fdc735&Prime; box_text_color=\u00a0\u00bb#ffffff\u00a0\u00bb css=\u00a0\u00bb.vc_custom_1549708706332{padding-top: 30px !important;padding-right: 32px !important;padding-bottom: 50px !important;padding-left: 32px !important;}\u00a0\u00bb link=\u00a0\u00bburl:https%3A%2F%2Fwww.igi.tn%2F%3Fpage_id%3D1826|||\u00a0\u00bb]Certifiez vos connaissances , valorisez vos comp\u00e9tences et Boostez votre carri\u00e8re professionnelles&#8230;[\/stm_icon_box][\/vc_column][vc_column width=\u00a0\u00bb1\/4&Prime; css=\u00a0\u00bb.vc_custom_1434610604765{margin-top: -148px !important;padding-right: 0px !important;padding-left: 0px !important;}\u00a0\u00bb][stm_icon_box icon=\u00a0\u00bbfa-icon-stm_icon_net\u00a0\u00bb icon_size=\u00a0\u00bb62&Prime; icon_height=\u00a0\u00bb69&Prime; icon_color=\u00a0\u00bb#ffffff\u00a0\u00bb hover_pos=\u00a0\u00bbnone\u00a0\u00bb title=\u00a0\u00bbE-LEARNING\u00a0\u00bb box_bg_color=\u00a0\u00bb#307ad5&Prime; box_text_color=\u00a0\u00bb#ffffff\u00a0\u00bb link=\u00a0\u00bburl:https%3A%2F%2Fwww.igi.tn%2Fmoodle%2F|||\u00a0\u00bb]<span class=\"st\">Une offre compl\u00e8te de solutions <em>e<\/em>&#8211;<em>learning<\/em> et de formation en ligne pour se former o\u00f9 l&rsquo;on veut, quand on veut et au meilleur co\u00fbt.<\/span>[\/stm_icon_box][\/vc_column][vc_column width=\u00a0\u00bb1\/4&Prime; css=\u00a0\u00bb.vc_custom_1434610618578{margin-top: -148px !important;padding-right: 0px !important;padding-left: 0px !important;}\u00a0\u00bb][stm_icon_box icon=\u00a0\u00bbfa-icon-stm_icon_license\u00a0\u00bb icon_size=\u00a0\u00bb57&Prime; icon_height=\u00a0\u00bb69&Prime; icon_color=\u00a0\u00bb#ffffff\u00a0\u00bb hover_pos=\u00a0\u00bbnone\u00a0\u00bb title=\u00a0\u00bbSEMINAIRES\u00a0\u00bb box_bg_color=\u00a0\u00bb#e948ae\u00a0\u00bb box_text_color=\u00a0\u00bb#ffffff\u00a0\u00bb link=\u00a0\u00bburl:https%3A%2F%2Fwww.igi.tn%2F%3Fpage_id%3D1783|||\u00a0\u00bb]<span class=\"st\">Nous vous proposons des \u00e9v\u00e9nements et s\u00e9minaires cl\u00e9 en main, adaptables selon vos envies et votre budget !<\/span>[\/stm_icon_box][\/vc_column][\/vc_row][vc_row css=\u00a0\u00bb.vc_custom_1520242283223{margin-right: 0px !important;margin-left: 0px !important;padding-top: 30px !important;padding-bottom: 27px !important;background-color: #eab830 !important;}\u00a0\u00bb el_class=\u00a0\u00bbstm_countdown_bg\u00a0\u00bb][vc_column width=\u00a0\u00bb7\/12&Prime;][vc_column_text css=\u00a0\u00bb.vc_custom_1770648420755{margin-top: 33px !important;margin-bottom: 10px !important;}\u00a0\u00bb]<\/p>\n<h2 class=\"white-heading\" style=\"text-align: center; line-height: 36px; color: #fff;\">INSCRIPTIONS OUVERTES &#8211;\u00a0 <span class=\"demo-label\" style=\"color: #333333;\">SESSION F\u00e9vrier 2026-2027\u00a0<\/span><\/h2>\n<p>[\/vc_column_text][stm_color_separator color=\u00a0\u00bb#ffffff\u00a0\u00bb css=\u00a0\u00bb.vc_custom_1437457505459{margin-bottom: 18px !important;}\u00a0\u00bb][vc_column_text]<\/p>\n<h3 style=\"text-align: center;\"><span style=\"color: #333;\"><span id=\"result_box\" class=\"short_text\" lang=\"fr\"><span class=\"\">Places limit\u00e9es!<\/span> <span class=\"\">D\u00e9p\u00eachez-vous<\/span><\/span><\/span><\/h3>\n<p>[\/vc_column_text][stm_countdown datepicker=\u00a0\u00bb30-03-2026 17:00&Prime; css=\u00a0\u00bb.vc_custom_1770648363251{margin-bottom: 35px !important;}\u00a0\u00bb][\/vc_column][vc_column width=\u00a0\u00bb5\/12&Prime;][stm_sign_up_now form=\u00a0\u00bb555&Prime; title=\u00a0\u00bbInscrivez vous maintenant !\u00a0\u00bb][\/vc_column][\/vc_row][vc_row full_width=\u00a0\u00bbstretch_row\u00a0\u00bb parallax=\u00a0\u00bbcontent-moving-fade\u00a0\u00bb parallax_image=\u00a0\u00bb1803&Prime; css=\u00a0\u00bb.vc_custom_1519901447288{padding-top: 29px !important;padding-bottom: 60px !important;}\u00a0\u00bb el_class=\u00a0\u00bbstm_fixed_background\u00a0\u00bb][vc_column][vc_custom_heading text=\u00a0\u00bbR\u00c9ALISATION DU CENTRE\u00a0\u00bb font_container=\u00a0\u00bbtag:h2|font_size:32|text_align:center|color:%23ffffff|line_height:48px\u00a0\u00bb google_fonts=\u00a0\u00bbfont_family:Montserrat%3Aregular%2C700|font_style:700%20bold%20regular%3A700%3Anormal\u00a0\u00bb][vc_row_inner][vc_column_inner][stm_color_separator color=\u00a0\u00bb#fdc735&Prime; css=\u00a0\u00bb.vc_custom_1436163568935{margin-top: 7px !important;margin-bottom: 27px !important;}\u00a0\u00bb][vc_column_text css=\u00a0\u00bb.vc_custom_1519832309027{margin-bottom: 11px !important;}\u00a0\u00bb]<\/p>\n<h4 style=\"text-align: center;\"><span style=\"color: #ffffff;\">Ici vous pouvez consulter quelques statistiques sur notre centre de formation<\/span><\/h4>\n<p>[\/vc_column_text][\/vc_column_inner][\/vc_row_inner][vc_row_inner css=\u00a0\u00bb.vc_custom_1436163882282{margin-bottom: 46px !important;}\u00a0\u00bb][vc_column_inner width=\u00a0\u00bb1\/4&Prime;][stm_stats_counter counter_value=\u00a0\u00bb94532&Prime; icon=\u00a0\u00bbfa-icon-stm_icon_earth\u00a0\u00bb icon_height=\u00a0\u00bb72&Prime; title=\u00a0\u00bbInternautes\u00a0\u00bb icon_text_color=\u00a0\u00bb#ffffff\u00a0\u00bb][\/vc_column_inner][vc_column_inner width=\u00a0\u00bb1\/4&Prime;][stm_stats_counter counter_value=\u00a0\u00bb11223&Prime; icon=\u00a0\u00bbfa-icon-stm_icon_alarm\u00a0\u00bb icon_size=\u00a0\u00bb71&Prime; icon_height=\u00a0\u00bb72&Prime; title=\u00a0\u00bbCours compl\u00e9t\u00e9s\u00a0\u00bb][\/vc_column_inner][vc_column_inner width=\u00a0\u00bb1\/4&Prime;][stm_stats_counter counter_value=\u00a0\u00bb282674&Prime; icon=\u00a0\u00bbfa-icon-stm_icon_users\u00a0\u00bb icon_height=\u00a0\u00bb72&Prime; title=\u00a0\u00bbEtudiants inscrits\u00a0\u00bb][\/vc_column_inner][vc_column_inner width=\u00a0\u00bb1\/4&Prime;][stm_stats_counter counter_value=\u00a0\u00bb12&Prime; icon=\u00a0\u00bbfa-icon-stm_icon_briefcase\u00a0\u00bb icon_height=\u00a0\u00bb72&Prime; title=\u00a0\u00bbEnseignants certifi\u00e9s\u00a0\u00bb][\/vc_column_inner][\/vc_row_inner][\/vc_column][\/vc_row][vc_row css=\u00a0\u00bb.vc_custom_1436164243861{margin-bottom: 28px !important;}\u00a0\u00bb][vc_column][vc_custom_heading text=\u00a0\u00bbS\u00c9MINAIRES R\u00c9CENTS\u00a0\u00bb font_container=\u00a0\u00bbtag:h2|font_size:32|text_align:center|line_height:48px\u00a0\u00bb google_fonts=\u00a0\u00bbfont_family:Montserrat%3Aregular%2C700|font_style:700%20bold%20regular%3A700%3Anormal\u00a0\u00bb][vc_row_inner css=\u00a0\u00bb.vc_custom_1436164020002{margin-bottom: 27px !important;}\u00a0\u00bb][vc_column_inner][stm_color_separator css=\u00a0\u00bb.vc_custom_1437023252855{margin-top: 7px !important;margin-bottom: 0px !important;}\u00a0\u00bb][\/vc_column_inner][\/vc_row_inner][vc_row_inner][vc_column_inner][stm_events_grid per_page=\u00a0\u00bb4&Prime;][\/vc_column_inner][\/vc_row_inner][\/vc_column][\/vc_row][vc_row full_width=\u00a0\u00bbstretch_row\u00a0\u00bb disable_element=\u00a0\u00bbyes\u00a0\u00bb css=\u00a0\u00bb.vc_custom_1542816716526{margin-bottom: 0px !important;padding-top: 30px !important;padding-bottom: 55px !important;background-color: #414b4f !important;}\u00a0\u00bb][vc_column][vc_custom_heading text=\u00a0\u00bbNOS SPECIALITES\u00a0\u00bb font_container=\u00a0\u00bbtag:h2|font_size:32|text_align:center|color:%23ffffff|line_height:48px\u00a0\u00bb google_fonts=\u00a0\u00bbfont_family:Montserrat%3Aregular%2C700|font_style:700%20bold%20regular%3A700%3Anormal\u00a0\u00bb][stm_color_separator css=\u00a0\u00bb.vc_custom_1436267074085{margin-top: 18px !important;margin-bottom: 26px !important;}\u00a0\u00bb color=\u00a0\u00bb#eab830&Prime;][stm_product_categories per_row=\u00a0\u00bb6&Prime; title_align=\u00a0\u00bbcenter\u00a0\u00bb box_text_color=\u00a0\u00bb#ffffff\u00a0\u00bb css=\u00a0\u00bb.vc_custom_1519909433043{padding-top: 34px !important;padding-bottom: 14px !important;}\u00a0\u00bb][\/vc_column][\/vc_row][vc_row css=\u00a0\u00bb.vc_custom_1434695320673{margin-bottom: 0px !important;}\u00a0\u00bb][vc_column width=\u00a0\u00bb2\/3&Prime;][stm_testimonials testimonials_slides_per_row=\u00a0\u00bb2&Prime; testimonials_title=\u00a0\u00bbT\u00c9MOIGNAGE\u00a0\u00bb][\/vc_column][vc_column width=\u00a0\u00bb1\/3&Prime;][vc_video title=\u00a0\u00bbIGI en vid\u00e9o\u00a0\u00bb src=\u00a0\u00bb\u00ab\u00a0https:\/\/www.youtube.com\/embed\/AyZ8h1YOOIg\u00ab\u00a0\u00a0\u00bb width=\u00a0\u00bb\u00ab\u00a0570\u00ab\u00a0\u00a0\u00bb height=\u00a0\u00bb\u00ab\u00a0321\u00ab\u00a0\u00a0\u00bb frameborder=\u00a0\u00bb\u00ab\u00a00\u00ab\u00a0\u00a0\u00bb image=\u00a0\u00bb2016&Prime; link=\u00a0\u00bbhttps:\/\/www.youtube.com\/embed\/AyZ8h1YOOIg\u00a0\u00bb][\/vc_column][\/vc_row]<\/p>\n<\/div>","protected":false},"excerpt":{"rendered":"<p>[vc_row full_width=\u00a0\u00bbstretch_row_content_no_spaces\u00a0\u00bb css=\u00a0\u00bb.vc_custom_1432531325225{margin-bottom: 0px !important;}\u00a0\u00bb][vc_column][rev_slider_vc alias=\u00a0\u00bbhome_slider\u00a0\u00bb][\/vc_column][\/vc_row][vc_row full_width=\u00a0\u00bbstretch_row\u00a0\u00bb css=\u00a0\u00bb.vc_custom_1436163428614{margin-top: 0px !important;margin-right: 0px !important;margin-bottom: 28px !important;margin-left: 0px !important;}\u00a0\u00bb el_class=\u00a0\u00bboverflowed_content\u00a0\u00bb][vc_column width=\u00a0\u00bb1\/4&Prime; css=\u00a0\u00bb.vc_custom_1434610589736{margin-top: -148px !important;padding-right: 0px !important;padding-left: 0px !important;}\u00a0\u00bb][stm_icon_box icon=\u00a0\u00bbfa-icon-stm_icon_graduation-hat\u00a0\u00bb icon_size=\u00a0\u00bb73&Prime; icon_height=\u00a0\u00bb68&Prime; icon_color=\u00a0\u00bb#ffffff\u00a0\u00bb hover_pos=\u00a0\u00bbnone\u00a0\u00bb title=\u00a0\u00bbFORMATIONS\u00a0\u00bb box_bg_color=\u00a0\u00bb#10c45c\u00a0\u00bb box_text_color=\u00a0\u00bb#ffffff\u00a0\u00bb css=\u00a0\u00bb.vc_custom_1549708640738{padding-top: 30px !important;padding-right: 32px !important;padding-bottom: 50px !important;padding-left: 32px !important;}\u00a0\u00bb link=\u00a0\u00bburl:https%3A%2F%2Fwww.igi.tn%2F%3Fpage_id%3D1659|||\u00a0\u00bb]Profitez de notre programme de formation\u00a0professionnelle BTS, BTP et Continue assur\u00e9e par des [&hellip;]<\/p>\n","protected":false},"author":1,"featured_media":0,"parent":0,"menu_order":0,"comment_status":"closed","ping_status":"closed","template":"","meta":{"footnotes":""},"_links":{"self":[{"href":"https:\/\/www.igi.tn\/index.php?rest_route=\/wp\/v2\/pages\/1527"}],"collection":[{"href":"https:\/\/www.igi.tn\/index.php?rest_route=\/wp\/v2\/pages"}],"about":[{"href":"https:\/\/www.igi.tn\/index.php?rest_route=\/wp\/v2\/types\/page"}],"author":[{"embeddable":true,"href":"https:\/\/www.igi.tn\/index.php?rest_route=\/wp\/v2\/users\/1"}],"replies":[{"embeddable":true,"href":"https:\/\/www.igi.tn\/index.php?rest_route=%2Fwp%2Fv2%2Fcomments&post=1527"}],"version-history":[{"count":75,"href":"https:\/\/www.igi.tn\/index.php?rest_route=\/wp\/v2\/pages\/1527\/revisions"}],"predecessor-version":[{"id":2340,"href":"https:\/\/www.igi.tn\/index.php?rest_route=\/wp\/v2\/pages\/1527\/revisions\/2340"}],"wp:attachment":[{"href":"https:\/\/www.igi.tn\/index.php?rest_route=%2Fwp%2Fv2%2Fmedia&parent=1527"}],"curies":[{"name":"wp","href":"https:\/\/api.w.org\/{rel}","templated":true}]}}