{"id":125,"date":"2017-09-15T12:38:39","date_gmt":"2017-09-15T10:38:39","guid":{"rendered":"http:\/\/localhost\/igi\/?page_id=125"},"modified":"2018-03-31T01:04:13","modified_gmt":"2018-03-30T23:04:13","slug":"assistante-de-direction","status":"publish","type":"page","link":"https:\/\/www.igi.tn\/?page_id=125","title":{"rendered":"Assistante de direction"},"content":{"rendered":"<div class=\"wpb-content-wrapper\"><p>[vc_row][vc_column width=\u00a0\u00bb3\/4&Prime; el_class=\u00a0\u00bbvc_sidebar_position_right\u00a0\u00bb offset=\u00a0\u00bbvc_col-lg-9 vc_col-md-9 vc_col-sm-12&Prime;][vc_column_text]<\/p>\n<h3>Le quotidien de l\u2019assistant de direction<\/h3>\n<p class=\"lettrine\">Rattach\u00e9 \u00e0 un directeur, un cadre, plusieurs responsables ou parfois un service entier, l\u2019<strong>assistant de direction<\/strong> intervient sur l\u2019ensemble des affaires courantes li\u00e9es au travail de son responsable. Au premier rang de ses missions\u00a0: traiter le courrier, filtrer les appels t\u00e9l\u00e9phoniques, frappe de courrier, organiser l\u2019agenda, classement\u2026<\/p>\n<h3>Organisation, communication et gestion<\/h3>\n<p>Les t\u00e2ches attribu\u00e9es \u00e0 l\u2019<strong>assistant de direction<\/strong> varient selon le type d\u2019entreprise, la fonction et le niveau du responsable. Au quotidien, il pourra ainsi organiser des r\u00e9unions, des rendez-vous, des d\u00e9placements, accueillir les visiteurs, r\u00e9diger les comptes-rendus de r\u00e9unions, \u00eatre l\u2019interface entre les clients, les fournisseurs et les repr\u00e9sentants du personnel, participer \u00e0 la communication interne et externe, coordonner le planning des \u00e9quipes, ou encore participer au recrutement\u2026<\/p>\n<p><img loading=\"lazy\" decoding=\"async\" class=\"size-medium wp-image-2088 alignleft\" src=\"https:\/\/www.igi.tn\/wp-content\/uploads\/2018\/03\/secr\u00e9taire-de-direction_jpg-300x200.jpg\" alt=\"\" width=\"300\" height=\"200\" srcset=\"https:\/\/www.igi.tn\/wp-content\/uploads\/2018\/03\/secr\u00e9taire-de-direction_jpg-300x200.jpg 300w, https:\/\/www.igi.tn\/wp-content\/uploads\/2018\/03\/secr\u00e9taire-de-direction_jpg-270x180.jpg 270w, https:\/\/www.igi.tn\/wp-content\/uploads\/2018\/03\/secr\u00e9taire-de-direction_jpg-600x399.jpg 600w, https:\/\/www.igi.tn\/wp-content\/uploads\/2018\/03\/secr\u00e9taire-de-direction_jpg.jpg 640w\" sizes=\"(max-width: 300px) 100vw, 300px\" \/>L\u2019assistant de manager assure le suivi des dossiers et des missions qui lui sont confi\u00e9s, et peut \u00eatre amen\u00e9 \u00e0 r\u00e9aliser des reportings.[\/vc_column_text][\/vc_column][vc_column width=\u00a0\u00bb1\/4&Prime; offset=\u00a0\u00bbvc_hidden-sm vc_hidden-xs\u00a0\u00bb][vc_widget_sidebar sidebar_id=\u00a0\u00bbdefault\u00a0\u00bb el_class=\u00a0\u00bbsidebar-area-right sidebar-area\u00a0\u00bb][vc_single_image image=\u00a0\u00bb2087&Prime;][vc_wp_custommenu nav_menu=\u00a0\u00bb4&Prime;][\/vc_column][\/vc_row]<\/p>\n<\/div>","protected":false},"excerpt":{"rendered":"<p>[vc_row][vc_column width=\u00a0\u00bb3\/4&Prime; el_class=\u00a0\u00bbvc_sidebar_position_right\u00a0\u00bb offset=\u00a0\u00bbvc_col-lg-9 vc_col-md-9 vc_col-sm-12&Prime;][vc_column_text] Le quotidien de l\u2019assistant de direction Rattach\u00e9 \u00e0 un directeur, un cadre, plusieurs responsables ou parfois un service entier, l\u2019assistant de direction intervient sur l\u2019ensemble des affaires courantes li\u00e9es au travail de son responsable. Au premier rang de ses missions\u00a0: traiter le courrier, filtrer les appels t\u00e9l\u00e9phoniques, frappe de [&hellip;]<\/p>\n","protected":false},"author":1,"featured_media":0,"parent":16,"menu_order":0,"comment_status":"closed","ping_status":"closed","template":"","meta":{"footnotes":""},"_links":{"self":[{"href":"https:\/\/www.igi.tn\/index.php?rest_route=\/wp\/v2\/pages\/125"}],"collection":[{"href":"https:\/\/www.igi.tn\/index.php?rest_route=\/wp\/v2\/pages"}],"about":[{"href":"https:\/\/www.igi.tn\/index.php?rest_route=\/wp\/v2\/types\/page"}],"author":[{"embeddable":true,"href":"https:\/\/www.igi.tn\/index.php?rest_route=\/wp\/v2\/users\/1"}],"replies":[{"embeddable":true,"href":"https:\/\/www.igi.tn\/index.php?rest_route=%2Fwp%2Fv2%2Fcomments&post=125"}],"version-history":[{"count":2,"href":"https:\/\/www.igi.tn\/index.php?rest_route=\/wp\/v2\/pages\/125\/revisions"}],"predecessor-version":[{"id":2089,"href":"https:\/\/www.igi.tn\/index.php?rest_route=\/wp\/v2\/pages\/125\/revisions\/2089"}],"up":[{"embeddable":true,"href":"https:\/\/www.igi.tn\/index.php?rest_route=\/wp\/v2\/pages\/16"}],"wp:attachment":[{"href":"https:\/\/www.igi.tn\/index.php?rest_route=%2Fwp%2Fv2%2Fmedia&parent=125"}],"curies":[{"name":"wp","href":"https:\/\/api.w.org\/{rel}","templated":true}]}}