{"id":122,"date":"2017-09-15T12:36:49","date_gmt":"2017-09-15T10:36:49","guid":{"rendered":"http:\/\/localhost\/igi\/?page_id=122"},"modified":"2018-03-31T00:33:08","modified_gmt":"2018-03-30T22:33:08","slug":"animatrice-jardin-denfant","status":"publish","type":"page","link":"https:\/\/www.igi.tn\/?page_id=122","title":{"rendered":"Animatrice Jardin d&rsquo;enfant"},"content":{"rendered":"<div class=\"wpb-content-wrapper\"><p>[vc_row][vc_column width=\u00a0\u00bb3\/4&Prime; el_class=\u00a0\u00bbvc_sidebar_position_right\u00a0\u00bb offset=\u00a0\u00bbvc_col-lg-9 vc_col-md-9 vc_col-sm-12&Prime;][vc_column_text]<\/p>\n<h3>Description:<\/h3>\n<p>\u2022\u00a0\u00a0\u00a0 L&rsquo;animateur d&rsquo;enfants met en place et applique des activit\u00e9s r\u00e9cr\u00e9atives aupr\u00e8s d&rsquo;enfants ou d&rsquo;adolescents en fonction des caract\u00e9ristiques de la structure (accueil p\u00e9riscolaire, centres de vacances, de loisirs, &#8230;).<br \/>\n\u2022\u00a0\u00a0\u00a0 A la possibilit\u00e9 d&rsquo;encadrer un groupe d&rsquo;enfants ou d&rsquo;adolescents lors de s\u00e9jours avec h\u00e9bergement.<br \/>\n\u2022\u00a0\u00a0\u00a0 Synchronise parfois l&rsquo;activit\u00e9 d&rsquo;une \u00e9quipe.<br \/>\n\u2022\u00a0\u00a0\u00a0 A la possibilit\u00e9 de g\u00e9rer un centre de loisirs ou de vacances pour enfants ou adolescents.<\/p>\n<p><img loading=\"lazy\" decoding=\"async\" class=\"alignnone size-medium wp-image-2077\" src=\"https:\/\/www.igi.tn\/wp-content\/uploads\/2018\/03\/garde-d-enfants-300x169.jpg\" alt=\"\" width=\"300\" height=\"169\" srcset=\"https:\/\/www.igi.tn\/wp-content\/uploads\/2018\/03\/garde-d-enfants-300x169.jpg 300w, https:\/\/www.igi.tn\/wp-content\/uploads\/2018\/03\/garde-d-enfants-768x432.jpg 768w, https:\/\/www.igi.tn\/wp-content\/uploads\/2018\/03\/garde-d-enfants-270x153.jpg 270w, https:\/\/www.igi.tn\/wp-content\/uploads\/2018\/03\/garde-d-enfants-600x338.jpg 600w, https:\/\/www.igi.tn\/wp-content\/uploads\/2018\/03\/garde-d-enfants.jpg 1000w\" sizes=\"(max-width: 300px) 100vw, 300px\" \/>[\/vc_column_text][\/vc_column][vc_column width=\u00a0\u00bb1\/4&Prime; offset=\u00a0\u00bbvc_hidden-sm vc_hidden-xs\u00a0\u00bb][vc_widget_sidebar sidebar_id=\u00a0\u00bbdefault\u00a0\u00bb el_class=\u00a0\u00bbsidebar-area-right sidebar-area\u00a0\u00bb][vc_single_image image=\u00a0\u00bb2076&Prime;][vc_wp_custommenu nav_menu=\u00a0\u00bb4&Prime;][\/vc_column][\/vc_row]<\/p>\n<\/div>","protected":false},"excerpt":{"rendered":"<p>[vc_row][vc_column width=\u00a0\u00bb3\/4&Prime; el_class=\u00a0\u00bbvc_sidebar_position_right\u00a0\u00bb offset=\u00a0\u00bbvc_col-lg-9 vc_col-md-9 vc_col-sm-12&Prime;][vc_column_text] Description: \u2022\u00a0\u00a0\u00a0 L&rsquo;animateur d&rsquo;enfants met en place et applique des activit\u00e9s r\u00e9cr\u00e9atives aupr\u00e8s d&rsquo;enfants ou d&rsquo;adolescents en fonction des caract\u00e9ristiques de la structure (accueil p\u00e9riscolaire, centres de vacances, de loisirs, &#8230;). \u2022\u00a0\u00a0\u00a0 A la possibilit\u00e9 d&rsquo;encadrer un groupe d&rsquo;enfants ou d&rsquo;adolescents lors de s\u00e9jours avec h\u00e9bergement. \u2022\u00a0\u00a0\u00a0 Synchronise parfois [&hellip;]<\/p>\n","protected":false},"author":1,"featured_media":0,"parent":16,"menu_order":0,"comment_status":"closed","ping_status":"closed","template":"","meta":{"footnotes":""},"_links":{"self":[{"href":"https:\/\/www.igi.tn\/index.php?rest_route=\/wp\/v2\/pages\/122"}],"collection":[{"href":"https:\/\/www.igi.tn\/index.php?rest_route=\/wp\/v2\/pages"}],"about":[{"href":"https:\/\/www.igi.tn\/index.php?rest_route=\/wp\/v2\/types\/page"}],"author":[{"embeddable":true,"href":"https:\/\/www.igi.tn\/index.php?rest_route=\/wp\/v2\/users\/1"}],"replies":[{"embeddable":true,"href":"https:\/\/www.igi.tn\/index.php?rest_route=%2Fwp%2Fv2%2Fcomments&post=122"}],"version-history":[{"count":4,"href":"https:\/\/www.igi.tn\/index.php?rest_route=\/wp\/v2\/pages\/122\/revisions"}],"predecessor-version":[{"id":2078,"href":"https:\/\/www.igi.tn\/index.php?rest_route=\/wp\/v2\/pages\/122\/revisions\/2078"}],"up":[{"embeddable":true,"href":"https:\/\/www.igi.tn\/index.php?rest_route=\/wp\/v2\/pages\/16"}],"wp:attachment":[{"href":"https:\/\/www.igi.tn\/index.php?rest_route=%2Fwp%2Fv2%2Fmedia&parent=122"}],"curies":[{"name":"wp","href":"https:\/\/api.w.org\/{rel}","templated":true}]}}