{"id":120,"date":"2017-09-15T12:36:22","date_gmt":"2017-09-15T10:36:22","guid":{"rendered":"http:\/\/localhost\/igi\/?page_id=120"},"modified":"2018-03-30T23:21:06","modified_gmt":"2018-03-30T21:21:06","slug":"directrice-creche","status":"publish","type":"page","link":"https:\/\/www.igi.tn\/?page_id=120","title":{"rendered":"Directrice Cr\u00e8che"},"content":{"rendered":"<div class=\"wpb-content-wrapper\"><p>[vc_row][vc_column width=\u00a0\u00bb3\/4&Prime; el_class=\u00a0\u00bbvc_sidebar_position_right\u00a0\u00bb offset=\u00a0\u00bbvc_col-lg-9 vc_col-md-9 vc_col-sm-12&Prime;][vc_column_text]<\/p>\n<h3>Directrice cr\u00e8che \/ Qualit\u00e9s requises<\/h3>\n<p>Le m\u00e9tier de directrice cr\u00e8che demande une grande exp\u00e9rience et un profond respect et consid\u00e9ration des enfants. Une vigilance et sens aiguis\u00e9 de l&rsquo;observation sont n\u00e9cessaires pour surveiller son \u00e9quipe et les enfants. Ce m\u00e9tier demande un fort engagement professionnel mais \u00e9galement de la douceur, p\u00e9dagogie et de la patience.Capable de prendre des d\u00e9cisions importantes et de diriger une \u00e9quipe, elle sait utiliser tact et diplomatie pour apaiser les \u00e9ventuelles tensions dans son \u00e9quipe ou rassurer les parents. Son sens de l&rsquo;organisation, de la rigueur et de la disciple fait d&rsquo;elle une excellente gestionnaire. Ses capacit\u00e9s p\u00e9dagogiques sont aussi sollicit\u00e9es constamment, que ce soit pour \u00e9veiller les jeunes enfants que pour former son \u00e9quipe.<\/p>\n<p>La mission s\u2019articule autour de quatre axes :<\/p>\n<ul>\n<li>Encadrement : le responsable est charg\u00e9 de recruter et de former ses collaborateurs , d\u2019organiser les emplois du temps, etc.<\/li>\n<li>P\u00e9dagogie : le responsable de cr\u00e8che \u00e9labore le projet p\u00e9dagogique et est garant de sa bonne application.<\/li>\n<li>Sant\u00e9 : la directrice de cr\u00e8che s\u2019assure \u00e0 chaque instant que les r\u00e8gles de sant\u00e9, de s\u00e9curit\u00e9 et d\u2019hygi\u00e8ne sont respect\u00e9es.<\/li>\n<li>Gestion : le responsable de cr\u00e8che s\u2019occupe de la gestion administrative et financi\u00e8re de la cr\u00e8che. Cela comprends l\u2019achat des \u00e9quipements, la gestion du budget, etc.<\/li>\n<\/ul>\n<p>Pour exercer le m\u00e9tier de directrice de cr\u00e8che, il est donc n\u00e9cessaire d\u2019\u00eatre polyvalente. Outre une excellente connaissance du monde de la petite enfance (p\u00e9dagogie, sant\u00e9, s\u00e9curit\u00e9, ) il faut aussi avoir des comp\u00e9tences en gestion, en management, et faire preuve d\u2019un tr\u00e8s bon sens de la communication, que ce soit en interne ou aupr\u00e8s des parents.[\/vc_column_text][\/vc_column][vc_column width=\u00a0\u00bb1\/4&Prime; offset=\u00a0\u00bbvc_hidden-sm vc_hidden-xs\u00a0\u00bb][vc_single_image image=\u00a0\u00bb2037&Prime;][vc_wp_custommenu nav_menu=\u00a0\u00bb3&Prime;][\/vc_column][\/vc_row]<\/p>\n<\/div>","protected":false},"excerpt":{"rendered":"<p>[vc_row][vc_column width=\u00a0\u00bb3\/4&Prime; el_class=\u00a0\u00bbvc_sidebar_position_right\u00a0\u00bb offset=\u00a0\u00bbvc_col-lg-9 vc_col-md-9 vc_col-sm-12&Prime;][vc_column_text] Directrice cr\u00e8che \/ Qualit\u00e9s requises Le m\u00e9tier de directrice cr\u00e8che demande une grande exp\u00e9rience et un profond respect et consid\u00e9ration des enfants. Une vigilance et sens aiguis\u00e9 de l&rsquo;observation sont n\u00e9cessaires pour surveiller son \u00e9quipe et les enfants. Ce m\u00e9tier demande un fort engagement professionnel mais \u00e9galement de la [&hellip;]<\/p>\n","protected":false},"author":1,"featured_media":0,"parent":18,"menu_order":0,"comment_status":"closed","ping_status":"closed","template":"","meta":{"footnotes":""},"_links":{"self":[{"href":"https:\/\/www.igi.tn\/index.php?rest_route=\/wp\/v2\/pages\/120"}],"collection":[{"href":"https:\/\/www.igi.tn\/index.php?rest_route=\/wp\/v2\/pages"}],"about":[{"href":"https:\/\/www.igi.tn\/index.php?rest_route=\/wp\/v2\/types\/page"}],"author":[{"embeddable":true,"href":"https:\/\/www.igi.tn\/index.php?rest_route=\/wp\/v2\/users\/1"}],"replies":[{"embeddable":true,"href":"https:\/\/www.igi.tn\/index.php?rest_route=%2Fwp%2Fv2%2Fcomments&post=120"}],"version-history":[{"count":7,"href":"https:\/\/www.igi.tn\/index.php?rest_route=\/wp\/v2\/pages\/120\/revisions"}],"predecessor-version":[{"id":2038,"href":"https:\/\/www.igi.tn\/index.php?rest_route=\/wp\/v2\/pages\/120\/revisions\/2038"}],"up":[{"embeddable":true,"href":"https:\/\/www.igi.tn\/index.php?rest_route=\/wp\/v2\/pages\/18"}],"wp:attachment":[{"href":"https:\/\/www.igi.tn\/index.php?rest_route=%2Fwp%2Fv2%2Fmedia&parent=120"}],"curies":[{"name":"wp","href":"https:\/\/api.w.org\/{rel}","templated":true}]}}